{"id":1937,"date":"2023-10-04T21:08:08","date_gmt":"2023-10-04T19:08:08","guid":{"rendered":"https:\/\/bluebridge.care\/?page_id=1937"},"modified":"2025-05-05T09:54:47","modified_gmt":"2025-05-05T07:54:47","slug":"consulting","status":"publish","type":"page","link":"https:\/\/bluebridge.care\/en\/services\/consulting\/","title":{"rendered":"Consulting"},"content":{"rendered":"<div data-elementor-type=\"wp-page\" data-elementor-id=\"1937\" class=\"elementor elementor-1937\">\n\t\t\t\t\t\t<section class=\"elementor-section elementor-top-section elementor-element elementor-element-9c6343f elementor-section-height-min-height elementor-section-boxed elementor-section-height-default elementor-section-items-middle\" data-id=\"9c6343f\" data-element_type=\"section\" data-settings=\"{&quot;background_background&quot;:&quot;classic&quot;}\">\n\t\t\t\t\t\t<div class=\"elementor-container elementor-column-gap-default\">\n\t\t\t\t\t<div class=\"elementor-column elementor-col-100 elementor-top-column elementor-element elementor-element-1dcb8ea\" data-id=\"1dcb8ea\" data-element_type=\"column\">\n\t\t\t<div class=\"elementor-widget-wrap elementor-element-populated\">\n\t\t\t\t\t\t<div class=\"elementor-element elementor-element-7484d7e elementor-widget elementor-widget-heading\" data-id=\"7484d7e\" data-element_type=\"widget\" data-widget_type=\"heading.default\">\n\t\t\t\t<div class=\"elementor-widget-container\">\n\t\t\t\t\t<h1 class=\"elementor-heading-title elementor-size-default\">Support for parents<\/h1>\t\t\t\t<\/div>\n\t\t\t\t<\/div>\n\t\t\t\t\t<\/div>\n\t\t<\/div>\n\t\t\t\t\t<\/div>\n\t\t<\/section>\n\t\t\t\t<section class=\"elementor-section elementor-top-section elementor-element elementor-element-a364a26 elementor-section-boxed elementor-section-height-default elementor-section-height-default\" data-id=\"a364a26\" data-element_type=\"section\">\n\t\t\t\t\t\t<div class=\"elementor-container elementor-column-gap-default\">\n\t\t\t\t\t<div class=\"elementor-column elementor-col-100 elementor-top-column elementor-element elementor-element-839ecd8\" data-id=\"839ecd8\" data-element_type=\"column\">\n\t\t\t<div class=\"elementor-widget-wrap elementor-element-populated\">\n\t\t\t\t\t\t<div class=\"elementor-element elementor-element-3b69e44 elementor-widget elementor-widget-heading\" data-id=\"3b69e44\" data-element_type=\"widget\" data-widget_type=\"heading.default\">\n\t\t\t\t<div class=\"elementor-widget-container\">\n\t\t\t\t\t<h2 class=\"elementor-heading-title elementor-size-default\">Consultation for Parents,  materials<\/h2>\t\t\t\t<\/div>\n\t\t\t\t<\/div>\n\t\t\t\t<div class=\"elementor-element elementor-element-da5a812 elementor-widget elementor-widget-text-editor\" data-id=\"da5a812\" data-element_type=\"widget\" data-widget_type=\"text-editor.default\">\n\t\t\t\t<div class=\"elementor-widget-container\">\n\t\t\t\t\t\t\t\t\t<ul><li><em>Do you have any doubts or questions you\u2019re looking for answers to?<\/em><\/li><li><em>Are you unsure how to establish the right communication and cooperation with your child?<\/em><\/li><\/ul>\t\t\t\t\t\t\t\t<\/div>\n\t\t\t\t<\/div>\n\t\t\t\t<section class=\"elementor-section elementor-inner-section elementor-element elementor-element-d21ba05 elementor-section-boxed elementor-section-height-default elementor-section-height-default\" data-id=\"d21ba05\" data-element_type=\"section\">\n\t\t\t\t\t\t<div class=\"elementor-container elementor-column-gap-default\">\n\t\t\t\t\t<div class=\"elementor-column elementor-col-50 elementor-inner-column elementor-element elementor-element-f45b1f0\" data-id=\"f45b1f0\" data-element_type=\"column\">\n\t\t\t<div class=\"elementor-widget-wrap elementor-element-populated\">\n\t\t\t\t\t\t<div class=\"elementor-element elementor-element-034c689 elementor-widget elementor-widget-text-editor\" data-id=\"034c689\" data-element_type=\"widget\" data-widget_type=\"text-editor.default\">\n\t\t\t\t<div class=\"elementor-widget-container\">\n\t\t\t\t\t\t\t\t\t<p>Sometimes it only takes a little for a parent to understand how to build the right kind of positive, understanding, and supportive relationship with their child. At times, we simply need guidance or a reminder of things we may have forgotten during our child\u2019s development, things we may have overlooked, or the consequences of our actions that we did not fully realize. We are happy to help you untangle seemingly difficult situations, look at things from different perspectives, and uncover the underlying reasons why something \u201cjust doesn\u2019t work\u201d for you.\nWe are here for you even if you only need advice, guidance, or a tip on issues that concern you in raising young children. We do not judge or criticize; instead, we listen as partners\u2014also as parents\u2014who are searching for solutions together.<\/p>\t\t\t\t\t\t\t\t<\/div>\n\t\t\t\t<\/div>\n\t\t\t\t\t<\/div>\n\t\t<\/div>\n\t\t\t\t<div class=\"elementor-column elementor-col-50 elementor-inner-column elementor-element elementor-element-afa925b\" data-id=\"afa925b\" data-element_type=\"column\">\n\t\t\t<div class=\"elementor-widget-wrap elementor-element-populated\">\n\t\t\t\t\t\t<div class=\"elementor-element elementor-element-4da167d elementor-widget elementor-widget-image\" data-id=\"4da167d\" data-element_type=\"widget\" data-widget_type=\"image.default\">\n\t\t\t\t<div class=\"elementor-widget-container\">\n\t\t\t\t\t\t\t\t\t\t\t\t\t\t\t<img fetchpriority=\"high\" decoding=\"async\" width=\"768\" height=\"543\" src=\"https:\/\/bluebridge.care\/wp-content\/uploads\/2025\/01\/3-768x543.png\" class=\"attachment-medium_large size-medium_large wp-image-1849\" alt=\"\" srcset=\"https:\/\/bluebridge.care\/wp-content\/uploads\/2025\/01\/3-768x543.png 768w, https:\/\/bluebridge.care\/wp-content\/uploads\/2025\/01\/3-300x212.png 300w, https:\/\/bluebridge.care\/wp-content\/uploads\/2025\/01\/3-1024x724.png 1024w, https:\/\/bluebridge.care\/wp-content\/uploads\/2025\/01\/3-1536x1086.png 1536w, https:\/\/bluebridge.care\/wp-content\/uploads\/2025\/01\/3-18x12.png 18w, https:\/\/bluebridge.care\/wp-content\/uploads\/2025\/01\/3.png 2000w\" sizes=\"(max-width: 768px) 100vw, 768px\" \/>\t\t\t\t\t\t\t\t\t\t\t\t\t\t\t<\/div>\n\t\t\t\t<\/div>\n\t\t\t\t\t<\/div>\n\t\t<\/div>\n\t\t\t\t\t<\/div>\n\t\t<\/section>\n\t\t\t\t<div class=\"elementor-element elementor-element-ba6955e elementor-widget-divider--view-line elementor-widget elementor-widget-divider\" data-id=\"ba6955e\" data-element_type=\"widget\" data-widget_type=\"divider.default\">\n\t\t\t\t<div class=\"elementor-widget-container\">\n\t\t\t\t\t\t\t<div class=\"elementor-divider\">\n\t\t\t<span class=\"elementor-divider-separator\">\n\t\t\t\t\t\t<\/span>\n\t\t<\/div>\n\t\t\t\t\t\t<\/div>\n\t\t\t\t<\/div>\n\t\t\t\t\t<\/div>\n\t\t<\/div>\n\t\t\t\t\t<\/div>\n\t\t<\/section>\n\t\t\t\t<section class=\"elementor-section elementor-top-section elementor-element elementor-element-4453dec elementor-section-boxed elementor-section-height-default elementor-section-height-default\" data-id=\"4453dec\" data-element_type=\"section\">\n\t\t\t\t\t\t<div class=\"elementor-container elementor-column-gap-wide\">\n\t\t\t\t\t<div class=\"elementor-column elementor-col-33 elementor-top-column elementor-element elementor-element-66d59c7\" data-id=\"66d59c7\" data-element_type=\"column\">\n\t\t\t<div class=\"elementor-widget-wrap elementor-element-populated\">\n\t\t\t\t\t\t<div class=\"elementor-element elementor-element-b824df3 elementor-widget elementor-widget-image\" data-id=\"b824df3\" data-element_type=\"widget\" data-widget_type=\"image.default\">\n\t\t\t\t<div class=\"elementor-widget-container\">\n\t\t\t\t\t\t\t\t\t\t\t\t\t\t\t<img decoding=\"async\" width=\"2000\" height=\"1414\" src=\"https:\/\/bluebridge.care\/wp-content\/uploads\/2025\/01\/1_b.png\" class=\"attachment-full size-full wp-image-1834\" alt=\"\" srcset=\"https:\/\/bluebridge.care\/wp-content\/uploads\/2025\/01\/1_b.png 2000w, https:\/\/bluebridge.care\/wp-content\/uploads\/2025\/01\/1_b-300x212.png 300w, https:\/\/bluebridge.care\/wp-content\/uploads\/2025\/01\/1_b-1024x724.png 1024w, https:\/\/bluebridge.care\/wp-content\/uploads\/2025\/01\/1_b-768x543.png 768w, https:\/\/bluebridge.care\/wp-content\/uploads\/2025\/01\/1_b-1536x1086.png 1536w, https:\/\/bluebridge.care\/wp-content\/uploads\/2025\/01\/1_b-18x12.png 18w\" sizes=\"(max-width: 2000px) 100vw, 2000px\" \/>\t\t\t\t\t\t\t\t\t\t\t\t\t\t\t<\/div>\n\t\t\t\t<\/div>\n\t\t\t\t<div class=\"elementor-element elementor-element-8177c4b elementor-widget elementor-widget-heading\" data-id=\"8177c4b\" data-element_type=\"widget\" data-widget_type=\"heading.default\">\n\t\t\t\t<div class=\"elementor-widget-container\">\n\t\t\t\t\t<h4 class=\"elementor-heading-title elementor-size-default\">Early Interventions<\/h4>\t\t\t\t<\/div>\n\t\t\t\t<\/div>\n\t\t\t\t<div class=\"elementor-element elementor-element-bbff9b0 elementor-widget elementor-widget-text-editor\" data-id=\"bbff9b0\" data-element_type=\"widget\" data-widget_type=\"text-editor.default\">\n\t\t\t\t<div class=\"elementor-widget-container\">\n\t\t\t\t\t\t\t\t\t<p>Intensive and systematic work to develop functional communication, regulation of negative behavior and motivation to cooperation.<\/p>\t\t\t\t\t\t\t\t<\/div>\n\t\t\t\t<\/div>\n\t\t\t\t<div class=\"elementor-element elementor-element-a300713 elementor-align-center elementor-widget elementor-widget-button\" data-id=\"a300713\" data-element_type=\"widget\" data-widget_type=\"button.default\">\n\t\t\t\t<div class=\"elementor-widget-container\">\n\t\t\t\t\t\t\t\t\t<div class=\"elementor-button-wrapper\">\n\t\t\t\t\t<a class=\"elementor-button elementor-button-link elementor-size-sm\" href=\"https:\/\/bluebridge.care\/en\/individual\/\">\n\t\t\t\t\t\t<span class=\"elementor-button-content-wrapper\">\n\t\t\t\t\t\t\t\t\t<span class=\"elementor-button-text\">more<\/span>\n\t\t\t\t\t<\/span>\n\t\t\t\t\t<\/a>\n\t\t\t\t<\/div>\n\t\t\t\t\t\t\t\t<\/div>\n\t\t\t\t<\/div>\n\t\t\t\t\t<\/div>\n\t\t<\/div>\n\t\t\t\t<div class=\"elementor-column elementor-col-33 elementor-top-column elementor-element elementor-element-e6975ff\" data-id=\"e6975ff\" data-element_type=\"column\">\n\t\t\t<div class=\"elementor-widget-wrap elementor-element-populated\">\n\t\t\t\t\t\t<div class=\"elementor-element elementor-element-27e862c elementor-widget elementor-widget-image\" data-id=\"27e862c\" data-element_type=\"widget\" data-widget_type=\"image.default\">\n\t\t\t\t<div class=\"elementor-widget-container\">\n\t\t\t\t\t\t\t\t\t\t\t\t\t\t\t<img decoding=\"async\" width=\"2000\" height=\"1414\" src=\"https:\/\/bluebridge.care\/wp-content\/uploads\/2025\/01\/2.png\" class=\"attachment-full size-full wp-image-1847\" alt=\"\" srcset=\"https:\/\/bluebridge.care\/wp-content\/uploads\/2025\/01\/2.png 2000w, https:\/\/bluebridge.care\/wp-content\/uploads\/2025\/01\/2-300x212.png 300w, https:\/\/bluebridge.care\/wp-content\/uploads\/2025\/01\/2-1024x724.png 1024w, https:\/\/bluebridge.care\/wp-content\/uploads\/2025\/01\/2-768x543.png 768w, https:\/\/bluebridge.care\/wp-content\/uploads\/2025\/01\/2-1536x1086.png 1536w, https:\/\/bluebridge.care\/wp-content\/uploads\/2025\/01\/2-18x12.png 18w\" sizes=\"(max-width: 2000px) 100vw, 2000px\" \/>\t\t\t\t\t\t\t\t\t\t\t\t\t\t\t<\/div>\n\t\t\t\t<\/div>\n\t\t\t\t<div class=\"elementor-element elementor-element-5738a52 elementor-widget elementor-widget-heading\" data-id=\"5738a52\" data-element_type=\"widget\" data-widget_type=\"heading.default\">\n\t\t\t\t<div class=\"elementor-widget-container\">\n\t\t\t\t\t<h4 class=\"elementor-heading-title elementor-size-default\">Support in Kindergarten<\/h4>\t\t\t\t<\/div>\n\t\t\t\t<\/div>\n\t\t\t\t<div class=\"elementor-element elementor-element-7d15d81 elementor-widget elementor-widget-text-editor\" data-id=\"7d15d81\" data-element_type=\"widget\" data-widget_type=\"text-editor.default\">\n\t\t\t\t<div class=\"elementor-widget-container\">\n\t\t\t\t\t\t\t\t\t<p>We provide direct collaboration with schools or kindergartens to support integration of children with special needs.<\/p>\t\t\t\t\t\t\t\t<\/div>\n\t\t\t\t<\/div>\n\t\t\t\t<div class=\"elementor-element elementor-element-fc2a43a elementor-align-center elementor-widget elementor-widget-button\" data-id=\"fc2a43a\" data-element_type=\"widget\" data-widget_type=\"button.default\">\n\t\t\t\t<div class=\"elementor-widget-container\">\n\t\t\t\t\t\t\t\t\t<div class=\"elementor-button-wrapper\">\n\t\t\t\t\t<a class=\"elementor-button elementor-button-link elementor-size-sm\" href=\"https:\/\/bluebridge.care\/en\/shadowing\/\">\n\t\t\t\t\t\t<span class=\"elementor-button-content-wrapper\">\n\t\t\t\t\t\t\t\t\t<span class=\"elementor-button-text\">more<\/span>\n\t\t\t\t\t<\/span>\n\t\t\t\t\t<\/a>\n\t\t\t\t<\/div>\n\t\t\t\t\t\t\t\t<\/div>\n\t\t\t\t<\/div>\n\t\t\t\t\t<\/div>\n\t\t<\/div>\n\t\t\t\t<div class=\"elementor-column elementor-col-33 elementor-top-column elementor-element elementor-element-d276daa\" data-id=\"d276daa\" data-element_type=\"column\">\n\t\t\t<div class=\"elementor-widget-wrap elementor-element-populated\">\n\t\t\t\t\t\t<div class=\"elementor-element elementor-element-954e7b7 elementor-widget elementor-widget-image\" data-id=\"954e7b7\" data-element_type=\"widget\" data-widget_type=\"image.default\">\n\t\t\t\t<div class=\"elementor-widget-container\">\n\t\t\t\t\t\t\t\t\t\t\t\t\t\t\t<img loading=\"lazy\" decoding=\"async\" width=\"2000\" height=\"1414\" src=\"https:\/\/bluebridge.care\/wp-content\/uploads\/2025\/01\/3.png\" class=\"attachment-full size-full wp-image-1849\" alt=\"\" srcset=\"https:\/\/bluebridge.care\/wp-content\/uploads\/2025\/01\/3.png 2000w, https:\/\/bluebridge.care\/wp-content\/uploads\/2025\/01\/3-300x212.png 300w, https:\/\/bluebridge.care\/wp-content\/uploads\/2025\/01\/3-1024x724.png 1024w, https:\/\/bluebridge.care\/wp-content\/uploads\/2025\/01\/3-768x543.png 768w, https:\/\/bluebridge.care\/wp-content\/uploads\/2025\/01\/3-1536x1086.png 1536w, https:\/\/bluebridge.care\/wp-content\/uploads\/2025\/01\/3-18x12.png 18w\" sizes=\"(max-width: 2000px) 100vw, 2000px\" \/>\t\t\t\t\t\t\t\t\t\t\t\t\t\t\t<\/div>\n\t\t\t\t<\/div>\n\t\t\t\t<div class=\"elementor-element elementor-element-9be923b elementor-widget elementor-widget-heading\" data-id=\"9be923b\" data-element_type=\"widget\" data-widget_type=\"heading.default\">\n\t\t\t\t<div class=\"elementor-widget-container\">\n\t\t\t\t\t<h4 class=\"elementor-heading-title elementor-size-default\">Parent Consultations<\/h4>\t\t\t\t<\/div>\n\t\t\t\t<\/div>\n\t\t\t\t<div class=\"elementor-element elementor-element-e901c1c elementor-widget__width-initial elementor-widget elementor-widget-text-editor\" data-id=\"e901c1c\" data-element_type=\"widget\" data-widget_type=\"text-editor.default\">\n\t\t\t\t<div class=\"elementor-widget-container\">\n\t\t\t\t\t\t\t\t\t<p>We provide consultations to families with children with special needs to solve any behavioral and educational problems or stressful situations.<\/p>\t\t\t\t\t\t\t\t<\/div>\n\t\t\t\t<\/div>\n\t\t\t\t<div class=\"elementor-element elementor-element-38c3929 elementor-align-center elementor-widget elementor-widget-button\" data-id=\"38c3929\" data-element_type=\"widget\" data-widget_type=\"button.default\">\n\t\t\t\t<div class=\"elementor-widget-container\">\n\t\t\t\t\t\t\t\t\t<div class=\"elementor-button-wrapper\">\n\t\t\t\t\t<a class=\"elementor-button elementor-button-link elementor-size-sm\" href=\"https:\/\/bluebridge.care\/en\/consulting\/\">\n\t\t\t\t\t\t<span class=\"elementor-button-content-wrapper\">\n\t\t\t\t\t\t\t\t\t<span class=\"elementor-button-text\">more<\/span>\n\t\t\t\t\t<\/span>\n\t\t\t\t\t<\/a>\n\t\t\t\t<\/div>\n\t\t\t\t\t\t\t\t<\/div>\n\t\t\t\t<\/div>\n\t\t\t\t\t<\/div>\n\t\t<\/div>\n\t\t\t\t\t<\/div>\n\t\t<\/section>\n\t\t\t\t<section class=\"elementor-section elementor-top-section elementor-element elementor-element-c1acaa7 elementor-section-content-middle elementor-section-boxed elementor-section-height-default elementor-section-height-default\" data-id=\"c1acaa7\" data-element_type=\"section\" data-settings=\"{&quot;background_background&quot;:&quot;classic&quot;}\">\n\t\t\t\t\t\t<div class=\"elementor-container elementor-column-gap-default\">\n\t\t\t\t\t<div class=\"elementor-column elementor-col-50 elementor-top-column elementor-element elementor-element-0c54a54\" data-id=\"0c54a54\" data-element_type=\"column\">\n\t\t\t<div class=\"elementor-widget-wrap elementor-element-populated\">\n\t\t\t\t\t\t<div class=\"elementor-element elementor-element-c5c7541 elementor-widget__width-initial elementor-widget elementor-widget-text-editor\" data-id=\"c5c7541\" data-element_type=\"widget\" data-widget_type=\"text-editor.default\">\n\t\t\t\t<div class=\"elementor-widget-container\">\n\t\t\t\t\t\t\t\t\t<p>More about BlueBridge<\/p>\t\t\t\t\t\t\t\t<\/div>\n\t\t\t\t<\/div>\n\t\t\t\t<div class=\"elementor-element elementor-element-b15f3af elementor-align-center elementor-widget elementor-widget-button\" data-id=\"b15f3af\" data-element_type=\"widget\" data-widget_type=\"button.default\">\n\t\t\t\t<div class=\"elementor-widget-container\">\n\t\t\t\t\t\t\t\t\t<div class=\"elementor-button-wrapper\">\n\t\t\t\t\t<a class=\"elementor-button elementor-button-link elementor-size-sm\" href=\"https:\/\/bluebridge.care\/en\/about\/\">\n\t\t\t\t\t\t<span class=\"elementor-button-content-wrapper\">\n\t\t\t\t\t\t\t\t\t<span class=\"elementor-button-text\">ABOUT US<\/span>\n\t\t\t\t\t<\/span>\n\t\t\t\t\t<\/a>\n\t\t\t\t<\/div>\n\t\t\t\t\t\t\t\t<\/div>\n\t\t\t\t<\/div>\n\t\t\t\t\t<\/div>\n\t\t<\/div>\n\t\t\t\t<div class=\"elementor-column elementor-col-50 elementor-top-column elementor-element elementor-element-efc9813\" data-id=\"efc9813\" data-element_type=\"column\">\n\t\t\t<div class=\"elementor-widget-wrap elementor-element-populated\">\n\t\t\t\t\t\t<div class=\"elementor-element elementor-element-9381f39 elementor-widget__width-initial elementor-widget elementor-widget-text-editor\" data-id=\"9381f39\" data-element_type=\"widget\" data-widget_type=\"text-editor.default\">\n\t\t\t\t<div class=\"elementor-widget-container\">\n\t\t\t\t\t\t\t\t\t<p>Do not hesitate to contact us<\/p>\t\t\t\t\t\t\t\t<\/div>\n\t\t\t\t<\/div>\n\t\t\t\t<div class=\"elementor-element elementor-element-d7ec6b5 elementor-align-center elementor-widget elementor-widget-button\" data-id=\"d7ec6b5\" data-element_type=\"widget\" data-widget_type=\"button.default\">\n\t\t\t\t<div class=\"elementor-widget-container\">\n\t\t\t\t\t\t\t\t\t<div class=\"elementor-button-wrapper\">\n\t\t\t\t\t<a class=\"elementor-button elementor-button-link elementor-size-sm\" href=\"https:\/\/bluebridge.care\/en\/contact\/\">\n\t\t\t\t\t\t<span class=\"elementor-button-content-wrapper\">\n\t\t\t\t\t\t\t\t\t<span class=\"elementor-button-text\">Contact<\/span>\n\t\t\t\t\t<\/span>\n\t\t\t\t\t<\/a>\n\t\t\t\t<\/div>\n\t\t\t\t\t\t\t\t<\/div>\n\t\t\t\t<\/div>\n\t\t\t\t\t<\/div>\n\t\t<\/div>\n\t\t\t\t\t<\/div>\n\t\t<\/section>\n\t\t\t\t<\/div>","protected":false},"excerpt":{"rendered":"<p>Konzultace pro rodi\u010de Konzultace pro rodi\u010de, materi\u00e1ly M\u00e1te pochybnosti \u010di ot\u00e1zky, na kter\u00e9 hled\u00e1te odpov\u011bdi? Nev\u00edte, jak nastolit tu spr\u00e1vnou komunikaci a spolupr\u00e1ci s\u00a0Va\u0161\u00edm d\u00edt\u011btem? N\u011bkdy sta\u010d\u00ed jen m\u00e1lo, aby rodi\u010d pochopil, jak nastolit ten spr\u00e1vn\u00fd pozitivn\u00ed, ch\u00e1paj\u00edc\u00ed a podporuj\u00edc\u00ed vztah ke sv\u00e9mu d\u00edt\u011bti. Ob\u010das pot\u0159ebujeme jen n\u00e1vod \u010di p\u0159ipomenut\u00ed toho, na co jsme v\u00a0pr\u016fb\u011bhu &hellip;<\/p>\n<p class=\"read-more\"> <a class=\"\" href=\"https:\/\/bluebridge.care\/en\/services\/consulting\/\"> <span class=\"screen-reader-text\">Consulting<\/span> Read More &raquo;<\/a><\/p>","protected":false},"author":1,"featured_media":0,"parent":1711,"menu_order":0,"comment_status":"closed","ping_status":"closed","template":"","meta":{"site-sidebar-layout":"no-sidebar","site-content-layout":"page-builder","ast-site-content-layout":"full-width-container","site-content-style":"default","site-sidebar-style":"default","ast-global-header-display":"","ast-banner-title-visibility":"","ast-main-header-display":"","ast-hfb-above-header-display":"","ast-hfb-below-header-display":"","ast-hfb-mobile-header-display":"","site-post-title":"disabled","ast-breadcrumbs-content":"","ast-featured-img":"disabled","footer-sml-layout":"","theme-transparent-header-meta":"","adv-header-id-meta":"","stick-header-meta":"","header-above-stick-meta":"","header-main-stick-meta":"","header-below-stick-meta":"","astra-migrate-meta-layouts":"set","footnotes":""},"class_list":["post-1937","page","type-page","status-publish","hentry"],"aioseo_notices":[],"_links":{"self":[{"href":"https:\/\/bluebridge.care\/en\/wp-json\/wp\/v2\/pages\/1937","targetHints":{"allow":["GET"]}}],"collection":[{"href":"https:\/\/bluebridge.care\/en\/wp-json\/wp\/v2\/pages"}],"about":[{"href":"https:\/\/bluebridge.care\/en\/wp-json\/wp\/v2\/types\/page"}],"author":[{"embeddable":true,"href":"https:\/\/bluebridge.care\/en\/wp-json\/wp\/v2\/users\/1"}],"replies":[{"embeddable":true,"href":"https:\/\/bluebridge.care\/en\/wp-json\/wp\/v2\/comments?post=1937"}],"version-history":[{"count":47,"href":"https:\/\/bluebridge.care\/en\/wp-json\/wp\/v2\/pages\/1937\/revisions"}],"predecessor-version":[{"id":2777,"href":"https:\/\/bluebridge.care\/en\/wp-json\/wp\/v2\/pages\/1937\/revisions\/2777"}],"up":[{"embeddable":true,"href":"https:\/\/bluebridge.care\/en\/wp-json\/wp\/v2\/pages\/1711"}],"wp:attachment":[{"href":"https:\/\/bluebridge.care\/en\/wp-json\/wp\/v2\/media?parent=1937"}],"curies":[{"name":"wp","href":"https:\/\/api.w.org\/{rel}","templated":true}]}}