{"id":1922,"date":"2023-10-04T20:59:27","date_gmt":"2023-10-04T18:59:27","guid":{"rendered":"https:\/\/bluebridge.care\/?page_id=1922"},"modified":"2025-05-05T09:54:09","modified_gmt":"2025-05-05T07:54:09","slug":"shadowing","status":"publish","type":"page","link":"https:\/\/bluebridge.care\/en\/services\/shadowing\/","title":{"rendered":"Shadowing"},"content":{"rendered":"<div data-elementor-type=\"wp-page\" data-elementor-id=\"1922\" class=\"elementor elementor-1922\">\n\t\t\t\t\t\t<section class=\"elementor-section elementor-top-section elementor-element elementor-element-a66a5e4 elementor-section-height-min-height elementor-section-boxed elementor-section-height-default elementor-section-items-middle\" data-id=\"a66a5e4\" data-element_type=\"section\" data-settings=\"{&quot;background_background&quot;:&quot;classic&quot;}\">\n\t\t\t\t\t\t<div class=\"elementor-container elementor-column-gap-default\">\n\t\t\t\t\t<div class=\"elementor-column elementor-col-100 elementor-top-column elementor-element elementor-element-a10d546\" data-id=\"a10d546\" data-element_type=\"column\" data-settings=\"{&quot;background_background&quot;:&quot;classic&quot;}\">\n\t\t\t<div class=\"elementor-widget-wrap elementor-element-populated\">\n\t\t\t\t\t\t<div class=\"elementor-element elementor-element-cb80d4a elementor-widget elementor-widget-heading\" data-id=\"cb80d4a\" data-element_type=\"widget\" data-widget_type=\"heading.default\">\n\t\t\t\t<div class=\"elementor-widget-container\">\n\t\t\t\t\t<h1 class=\"elementor-heading-title elementor-size-default\">Support in Kindergarten<\/h1>\t\t\t\t<\/div>\n\t\t\t\t<\/div>\n\t\t\t\t\t<\/div>\n\t\t<\/div>\n\t\t\t\t\t<\/div>\n\t\t<\/section>\n\t\t\t\t<section class=\"elementor-section elementor-top-section elementor-element elementor-element-fa584c8 elementor-section-boxed elementor-section-height-default elementor-section-height-default\" data-id=\"fa584c8\" data-element_type=\"section\">\n\t\t\t\t\t\t<div class=\"elementor-container elementor-column-gap-default\">\n\t\t\t\t\t<div class=\"elementor-column elementor-col-100 elementor-top-column elementor-element elementor-element-954c29b\" data-id=\"954c29b\" data-element_type=\"column\">\n\t\t\t<div class=\"elementor-widget-wrap elementor-element-populated\">\n\t\t\t\t\t\t<section class=\"elementor-section elementor-inner-section elementor-element elementor-element-029e7ce elementor-section-boxed elementor-section-height-default elementor-section-height-default\" data-id=\"029e7ce\" data-element_type=\"section\">\n\t\t\t\t\t\t<div class=\"elementor-container elementor-column-gap-default\">\n\t\t\t\t\t<div class=\"elementor-column elementor-col-100 elementor-inner-column elementor-element elementor-element-a382caf\" data-id=\"a382caf\" data-element_type=\"column\">\n\t\t\t<div class=\"elementor-widget-wrap elementor-element-populated\">\n\t\t\t\t\t\t<div class=\"elementor-element elementor-element-383d4a6 elementor-widget elementor-widget-heading\" data-id=\"383d4a6\" data-element_type=\"widget\" data-widget_type=\"heading.default\">\n\t\t\t\t<div class=\"elementor-widget-container\">\n\t\t\t\t\t<h2 class=\"elementor-heading-title elementor-size-default\">Support for Teachers and Teaching Assistants in Educating Children with Specific Learning Needs<\/h2>\t\t\t\t<\/div>\n\t\t\t\t<\/div>\n\t\t\t\t<div class=\"elementor-element elementor-element-6b1a77b elementor-widget elementor-widget-text-editor\" data-id=\"6b1a77b\" data-element_type=\"widget\" data-widget_type=\"text-editor.default\">\n\t\t\t\t<div class=\"elementor-widget-container\">\n\t\t\t\t\t\t\t\t\t<ul><li><em>Are you having difficulties integrating your child into a group or peer environment?<\/em><\/li><li><em>Does your child struggle to orient themselves in kindergarten and display challenging behavior?<\/em><\/li><li><em>Is your child unable to fully participate in classroom activities and learn like the other children?<\/em><\/li><\/ul>\t\t\t\t\t\t\t\t<\/div>\n\t\t\t\t<\/div>\n\t\t\t\t\t<\/div>\n\t\t<\/div>\n\t\t\t\t\t<\/div>\n\t\t<\/section>\n\t\t\t\t<section class=\"elementor-section elementor-inner-section elementor-element elementor-element-107199b elementor-section-boxed elementor-section-height-default elementor-section-height-default\" data-id=\"107199b\" data-element_type=\"section\">\n\t\t\t\t\t\t<div class=\"elementor-container elementor-column-gap-default\">\n\t\t\t\t\t<div class=\"elementor-column elementor-col-50 elementor-inner-column elementor-element elementor-element-22ecee8\" data-id=\"22ecee8\" data-element_type=\"column\">\n\t\t\t<div class=\"elementor-widget-wrap elementor-element-populated\">\n\t\t\t\t\t\t<div class=\"elementor-element elementor-element-20d3607 elementor-widget elementor-widget-text-editor\" data-id=\"20d3607\" data-element_type=\"widget\" data-widget_type=\"text-editor.default\">\n\t\t\t\t<div class=\"elementor-widget-container\">\n\t\t\t\t\t\t\t\t\t<p><span style=\"font-size: 16px;\">We provide direct support in integrating children with specific learning needs into kindergartens, both mainstream and special. Our goal is to put appropriate measures in place and create optimal conditions in which the child can learn and develop in the same way as other children.\nWe also focus on methodological support for educational staff so that together we can maximize the child\u2019s educational and social opportunities. Particularly important for us are successes in understanding daily routines and smoothly following the class schedule, strengthening independence in self-care activities, and\u2014above all\u2014developing social skills and achieving success in forming relationships with peers.\nTogether with school staff, we strive to find ways to maximize the academic and social potential of each child, taking into account all of their developmental specifics.<\/span><\/p>\t\t\t\t\t\t\t\t<\/div>\n\t\t\t\t<\/div>\n\t\t\t\t\t<\/div>\n\t\t<\/div>\n\t\t\t\t<div class=\"elementor-column elementor-col-50 elementor-inner-column elementor-element elementor-element-89f0058\" data-id=\"89f0058\" data-element_type=\"column\">\n\t\t\t<div class=\"elementor-widget-wrap elementor-element-populated\">\n\t\t\t\t\t\t<div class=\"elementor-element elementor-element-0741b39 elementor-widget elementor-widget-image\" data-id=\"0741b39\" data-element_type=\"widget\" data-widget_type=\"image.default\">\n\t\t\t\t<div class=\"elementor-widget-container\">\n\t\t\t\t\t\t\t\t\t\t\t\t\t\t\t<img fetchpriority=\"high\" decoding=\"async\" width=\"1024\" height=\"724\" src=\"https:\/\/bluebridge.care\/wp-content\/uploads\/2025\/01\/2-1024x724.png\" class=\"attachment-large size-large wp-image-1847\" alt=\"\" srcset=\"https:\/\/bluebridge.care\/wp-content\/uploads\/2025\/01\/2-1024x724.png 1024w, https:\/\/bluebridge.care\/wp-content\/uploads\/2025\/01\/2-300x212.png 300w, https:\/\/bluebridge.care\/wp-content\/uploads\/2025\/01\/2-768x543.png 768w, https:\/\/bluebridge.care\/wp-content\/uploads\/2025\/01\/2-1536x1086.png 1536w, https:\/\/bluebridge.care\/wp-content\/uploads\/2025\/01\/2-18x12.png 18w, https:\/\/bluebridge.care\/wp-content\/uploads\/2025\/01\/2.png 2000w\" sizes=\"(max-width: 1024px) 100vw, 1024px\" \/>\t\t\t\t\t\t\t\t\t\t\t\t\t\t\t<\/div>\n\t\t\t\t<\/div>\n\t\t\t\t\t<\/div>\n\t\t<\/div>\n\t\t\t\t\t<\/div>\n\t\t<\/section>\n\t\t\t\t<div class=\"elementor-element elementor-element-c711abe elementor-widget-divider--view-line elementor-widget elementor-widget-divider\" data-id=\"c711abe\" data-element_type=\"widget\" data-widget_type=\"divider.default\">\n\t\t\t\t<div class=\"elementor-widget-container\">\n\t\t\t\t\t\t\t<div class=\"elementor-divider\">\n\t\t\t<span class=\"elementor-divider-separator\">\n\t\t\t\t\t\t<\/span>\n\t\t<\/div>\n\t\t\t\t\t\t<\/div>\n\t\t\t\t<\/div>\n\t\t\t\t\t<\/div>\n\t\t<\/div>\n\t\t\t\t\t<\/div>\n\t\t<\/section>\n\t\t\t\t<section class=\"elementor-section elementor-top-section elementor-element elementor-element-3b09e35 elementor-section-boxed elementor-section-height-default elementor-section-height-default\" data-id=\"3b09e35\" data-element_type=\"section\">\n\t\t\t\t\t\t<div class=\"elementor-container elementor-column-gap-wide\">\n\t\t\t\t\t<div class=\"elementor-column elementor-col-33 elementor-top-column elementor-element elementor-element-a77f97e\" data-id=\"a77f97e\" data-element_type=\"column\">\n\t\t\t<div class=\"elementor-widget-wrap elementor-element-populated\">\n\t\t\t\t\t\t<div class=\"elementor-element elementor-element-ed0540e elementor-widget elementor-widget-image\" data-id=\"ed0540e\" data-element_type=\"widget\" data-widget_type=\"image.default\">\n\t\t\t\t<div class=\"elementor-widget-container\">\n\t\t\t\t\t\t\t\t\t\t\t\t\t\t\t<img decoding=\"async\" width=\"2000\" height=\"1414\" src=\"https:\/\/bluebridge.care\/wp-content\/uploads\/2025\/01\/1_b.png\" class=\"attachment-full size-full wp-image-1834\" alt=\"\" srcset=\"https:\/\/bluebridge.care\/wp-content\/uploads\/2025\/01\/1_b.png 2000w, https:\/\/bluebridge.care\/wp-content\/uploads\/2025\/01\/1_b-300x212.png 300w, https:\/\/bluebridge.care\/wp-content\/uploads\/2025\/01\/1_b-1024x724.png 1024w, https:\/\/bluebridge.care\/wp-content\/uploads\/2025\/01\/1_b-768x543.png 768w, https:\/\/bluebridge.care\/wp-content\/uploads\/2025\/01\/1_b-1536x1086.png 1536w, https:\/\/bluebridge.care\/wp-content\/uploads\/2025\/01\/1_b-18x12.png 18w\" sizes=\"(max-width: 2000px) 100vw, 2000px\" \/>\t\t\t\t\t\t\t\t\t\t\t\t\t\t\t<\/div>\n\t\t\t\t<\/div>\n\t\t\t\t<div class=\"elementor-element elementor-element-ab39fdc elementor-widget elementor-widget-heading\" data-id=\"ab39fdc\" data-element_type=\"widget\" data-widget_type=\"heading.default\">\n\t\t\t\t<div class=\"elementor-widget-container\">\n\t\t\t\t\t<h4 class=\"elementor-heading-title elementor-size-default\">Early Interventions<\/h4>\t\t\t\t<\/div>\n\t\t\t\t<\/div>\n\t\t\t\t<div class=\"elementor-element elementor-element-c814511 elementor-widget elementor-widget-text-editor\" data-id=\"c814511\" data-element_type=\"widget\" data-widget_type=\"text-editor.default\">\n\t\t\t\t<div class=\"elementor-widget-container\">\n\t\t\t\t\t\t\t\t\t<p>Intensive and systematic work to develop functional communication, regulation of negative behavior and motivation to cooperation.<\/p>\t\t\t\t\t\t\t\t<\/div>\n\t\t\t\t<\/div>\n\t\t\t\t<div class=\"elementor-element elementor-element-eddc491 elementor-align-center elementor-widget elementor-widget-button\" data-id=\"eddc491\" data-element_type=\"widget\" data-widget_type=\"button.default\">\n\t\t\t\t<div class=\"elementor-widget-container\">\n\t\t\t\t\t\t\t\t\t<div class=\"elementor-button-wrapper\">\n\t\t\t\t\t<a class=\"elementor-button elementor-button-link elementor-size-sm\" href=\"https:\/\/bluebridge.care\/en\/individual\/\">\n\t\t\t\t\t\t<span class=\"elementor-button-content-wrapper\">\n\t\t\t\t\t\t\t\t\t<span class=\"elementor-button-text\">more<\/span>\n\t\t\t\t\t<\/span>\n\t\t\t\t\t<\/a>\n\t\t\t\t<\/div>\n\t\t\t\t\t\t\t\t<\/div>\n\t\t\t\t<\/div>\n\t\t\t\t\t<\/div>\n\t\t<\/div>\n\t\t\t\t<div class=\"elementor-column elementor-col-33 elementor-top-column elementor-element elementor-element-b4d8af2\" data-id=\"b4d8af2\" data-element_type=\"column\">\n\t\t\t<div class=\"elementor-widget-wrap elementor-element-populated\">\n\t\t\t\t\t\t<div class=\"elementor-element elementor-element-3cd14ac elementor-widget elementor-widget-image\" data-id=\"3cd14ac\" data-element_type=\"widget\" data-widget_type=\"image.default\">\n\t\t\t\t<div class=\"elementor-widget-container\">\n\t\t\t\t\t\t\t\t\t\t\t\t\t\t\t<img decoding=\"async\" width=\"2000\" height=\"1414\" src=\"https:\/\/bluebridge.care\/wp-content\/uploads\/2025\/01\/2.png\" class=\"attachment-full size-full wp-image-1847\" alt=\"\" srcset=\"https:\/\/bluebridge.care\/wp-content\/uploads\/2025\/01\/2.png 2000w, https:\/\/bluebridge.care\/wp-content\/uploads\/2025\/01\/2-300x212.png 300w, https:\/\/bluebridge.care\/wp-content\/uploads\/2025\/01\/2-1024x724.png 1024w, https:\/\/bluebridge.care\/wp-content\/uploads\/2025\/01\/2-768x543.png 768w, https:\/\/bluebridge.care\/wp-content\/uploads\/2025\/01\/2-1536x1086.png 1536w, https:\/\/bluebridge.care\/wp-content\/uploads\/2025\/01\/2-18x12.png 18w\" sizes=\"(max-width: 2000px) 100vw, 2000px\" \/>\t\t\t\t\t\t\t\t\t\t\t\t\t\t\t<\/div>\n\t\t\t\t<\/div>\n\t\t\t\t<div class=\"elementor-element elementor-element-4bb4958 elementor-widget elementor-widget-heading\" data-id=\"4bb4958\" data-element_type=\"widget\" data-widget_type=\"heading.default\">\n\t\t\t\t<div class=\"elementor-widget-container\">\n\t\t\t\t\t<h4 class=\"elementor-heading-title elementor-size-default\">Support in Kindergarten<\/h4>\t\t\t\t<\/div>\n\t\t\t\t<\/div>\n\t\t\t\t<div class=\"elementor-element elementor-element-dfa5395 elementor-widget elementor-widget-text-editor\" data-id=\"dfa5395\" data-element_type=\"widget\" data-widget_type=\"text-editor.default\">\n\t\t\t\t<div class=\"elementor-widget-container\">\n\t\t\t\t\t\t\t\t\t<p>We provide direct collaboration with schools or kindergartens to support integration of children with special needs.<\/p>\t\t\t\t\t\t\t\t<\/div>\n\t\t\t\t<\/div>\n\t\t\t\t<div class=\"elementor-element elementor-element-a5e9926 elementor-align-center elementor-widget elementor-widget-button\" data-id=\"a5e9926\" data-element_type=\"widget\" data-widget_type=\"button.default\">\n\t\t\t\t<div class=\"elementor-widget-container\">\n\t\t\t\t\t\t\t\t\t<div class=\"elementor-button-wrapper\">\n\t\t\t\t\t<a class=\"elementor-button elementor-button-link elementor-size-sm\" href=\"https:\/\/bluebridge.care\/en\/shadowing\/\">\n\t\t\t\t\t\t<span class=\"elementor-button-content-wrapper\">\n\t\t\t\t\t\t\t\t\t<span class=\"elementor-button-text\">more<\/span>\n\t\t\t\t\t<\/span>\n\t\t\t\t\t<\/a>\n\t\t\t\t<\/div>\n\t\t\t\t\t\t\t\t<\/div>\n\t\t\t\t<\/div>\n\t\t\t\t\t<\/div>\n\t\t<\/div>\n\t\t\t\t<div class=\"elementor-column elementor-col-33 elementor-top-column elementor-element elementor-element-7179c21\" data-id=\"7179c21\" data-element_type=\"column\">\n\t\t\t<div class=\"elementor-widget-wrap elementor-element-populated\">\n\t\t\t\t\t\t<div class=\"elementor-element elementor-element-8ea3eab elementor-widget elementor-widget-image\" data-id=\"8ea3eab\" data-element_type=\"widget\" data-widget_type=\"image.default\">\n\t\t\t\t<div class=\"elementor-widget-container\">\n\t\t\t\t\t\t\t\t\t\t\t\t\t\t\t<img loading=\"lazy\" decoding=\"async\" width=\"2000\" height=\"1414\" src=\"https:\/\/bluebridge.care\/wp-content\/uploads\/2025\/01\/3.png\" class=\"attachment-full size-full wp-image-1849\" alt=\"\" srcset=\"https:\/\/bluebridge.care\/wp-content\/uploads\/2025\/01\/3.png 2000w, https:\/\/bluebridge.care\/wp-content\/uploads\/2025\/01\/3-300x212.png 300w, https:\/\/bluebridge.care\/wp-content\/uploads\/2025\/01\/3-1024x724.png 1024w, https:\/\/bluebridge.care\/wp-content\/uploads\/2025\/01\/3-768x543.png 768w, https:\/\/bluebridge.care\/wp-content\/uploads\/2025\/01\/3-1536x1086.png 1536w, https:\/\/bluebridge.care\/wp-content\/uploads\/2025\/01\/3-18x12.png 18w\" sizes=\"(max-width: 2000px) 100vw, 2000px\" \/>\t\t\t\t\t\t\t\t\t\t\t\t\t\t\t<\/div>\n\t\t\t\t<\/div>\n\t\t\t\t<div class=\"elementor-element elementor-element-2c59b5a elementor-widget elementor-widget-heading\" data-id=\"2c59b5a\" data-element_type=\"widget\" data-widget_type=\"heading.default\">\n\t\t\t\t<div class=\"elementor-widget-container\">\n\t\t\t\t\t<h4 class=\"elementor-heading-title elementor-size-default\">Parent Consultations<\/h4>\t\t\t\t<\/div>\n\t\t\t\t<\/div>\n\t\t\t\t<div class=\"elementor-element elementor-element-4b0e13d elementor-widget__width-initial elementor-widget elementor-widget-text-editor\" data-id=\"4b0e13d\" data-element_type=\"widget\" data-widget_type=\"text-editor.default\">\n\t\t\t\t<div class=\"elementor-widget-container\">\n\t\t\t\t\t\t\t\t\t<p>We provide consultations to families with children with special needs to solve any behavioral and educational problems or stressful situations.<\/p>\t\t\t\t\t\t\t\t<\/div>\n\t\t\t\t<\/div>\n\t\t\t\t<div class=\"elementor-element elementor-element-bec19bb elementor-align-center elementor-widget elementor-widget-button\" data-id=\"bec19bb\" data-element_type=\"widget\" data-widget_type=\"button.default\">\n\t\t\t\t<div class=\"elementor-widget-container\">\n\t\t\t\t\t\t\t\t\t<div class=\"elementor-button-wrapper\">\n\t\t\t\t\t<a class=\"elementor-button elementor-button-link elementor-size-sm\" href=\"https:\/\/bluebridge.care\/en\/consulting\/\">\n\t\t\t\t\t\t<span class=\"elementor-button-content-wrapper\">\n\t\t\t\t\t\t\t\t\t<span class=\"elementor-button-text\">more<\/span>\n\t\t\t\t\t<\/span>\n\t\t\t\t\t<\/a>\n\t\t\t\t<\/div>\n\t\t\t\t\t\t\t\t<\/div>\n\t\t\t\t<\/div>\n\t\t\t\t\t<\/div>\n\t\t<\/div>\n\t\t\t\t\t<\/div>\n\t\t<\/section>\n\t\t\t\t<section class=\"elementor-section elementor-top-section elementor-element elementor-element-3e755d7 elementor-section-content-middle elementor-section-boxed elementor-section-height-default elementor-section-height-default\" data-id=\"3e755d7\" data-element_type=\"section\" data-settings=\"{&quot;background_background&quot;:&quot;classic&quot;}\">\n\t\t\t\t\t\t<div class=\"elementor-container elementor-column-gap-default\">\n\t\t\t\t\t<div class=\"elementor-column elementor-col-50 elementor-top-column elementor-element elementor-element-fe738ff\" data-id=\"fe738ff\" data-element_type=\"column\">\n\t\t\t<div class=\"elementor-widget-wrap elementor-element-populated\">\n\t\t\t\t\t\t<div class=\"elementor-element elementor-element-2d7e1dd elementor-widget__width-initial elementor-widget elementor-widget-text-editor\" data-id=\"2d7e1dd\" data-element_type=\"widget\" data-widget_type=\"text-editor.default\">\n\t\t\t\t<div class=\"elementor-widget-container\">\n\t\t\t\t\t\t\t\t\t<p>More about BlueBridge<\/p>\t\t\t\t\t\t\t\t<\/div>\n\t\t\t\t<\/div>\n\t\t\t\t<div class=\"elementor-element elementor-element-3f4f99d elementor-align-center elementor-widget elementor-widget-button\" data-id=\"3f4f99d\" data-element_type=\"widget\" data-widget_type=\"button.default\">\n\t\t\t\t<div class=\"elementor-widget-container\">\n\t\t\t\t\t\t\t\t\t<div class=\"elementor-button-wrapper\">\n\t\t\t\t\t<a class=\"elementor-button elementor-button-link elementor-size-sm\" href=\"https:\/\/bluebridge.care\/en\/about\/\">\n\t\t\t\t\t\t<span class=\"elementor-button-content-wrapper\">\n\t\t\t\t\t\t\t\t\t<span class=\"elementor-button-text\">ABOUT US<\/span>\n\t\t\t\t\t<\/span>\n\t\t\t\t\t<\/a>\n\t\t\t\t<\/div>\n\t\t\t\t\t\t\t\t<\/div>\n\t\t\t\t<\/div>\n\t\t\t\t\t<\/div>\n\t\t<\/div>\n\t\t\t\t<div class=\"elementor-column elementor-col-50 elementor-top-column elementor-element elementor-element-2359366\" data-id=\"2359366\" data-element_type=\"column\">\n\t\t\t<div class=\"elementor-widget-wrap elementor-element-populated\">\n\t\t\t\t\t\t<div class=\"elementor-element elementor-element-1801b00 elementor-widget__width-initial elementor-widget elementor-widget-text-editor\" data-id=\"1801b00\" data-element_type=\"widget\" data-widget_type=\"text-editor.default\">\n\t\t\t\t<div class=\"elementor-widget-container\">\n\t\t\t\t\t\t\t\t\t<p>Do not hesitate to contact us<\/p>\t\t\t\t\t\t\t\t<\/div>\n\t\t\t\t<\/div>\n\t\t\t\t<div class=\"elementor-element elementor-element-aefe772 elementor-align-center elementor-widget elementor-widget-button\" data-id=\"aefe772\" data-element_type=\"widget\" data-widget_type=\"button.default\">\n\t\t\t\t<div class=\"elementor-widget-container\">\n\t\t\t\t\t\t\t\t\t<div class=\"elementor-button-wrapper\">\n\t\t\t\t\t<a class=\"elementor-button elementor-button-link elementor-size-sm\" href=\"https:\/\/bluebridge.care\/en\/contact\/\">\n\t\t\t\t\t\t<span class=\"elementor-button-content-wrapper\">\n\t\t\t\t\t\t\t\t\t<span class=\"elementor-button-text\">Contact<\/span>\n\t\t\t\t\t<\/span>\n\t\t\t\t\t<\/a>\n\t\t\t\t<\/div>\n\t\t\t\t\t\t\t\t<\/div>\n\t\t\t\t<\/div>\n\t\t\t\t\t<\/div>\n\t\t<\/div>\n\t\t\t\t\t<\/div>\n\t\t<\/section>\n\t\t\t\t<\/div>","protected":false},"excerpt":{"rendered":"<p>Podpora d\u00edt\u011bte ve \u0161kolce Podpora u\u010ditel\u016f a asistent\u016f p\u0159i vzd\u011bl\u00e1v\u00e1n\u00ed d\u00edt\u011bte se specifick\u00fdmi pot\u0159ebami u\u010den\u00ed M\u00e1te pot\u00ed\u017ee se za\u010dlen\u011bn\u00edm Va\u0161eho d\u00edt\u011bte do kolektivu? Ve \u0161kolce se neorientuje a vykazuje negativn\u00ed chov\u00e1n\u00ed? Nen\u00ed schopno pln\u011b se pod\u00edlet na t\u0159\u00eddn\u00edch aktivit\u00e1ch a vzd\u011bl\u00e1vat se jako ostatn\u00ed d\u011bti? Poskytujeme p\u0159\u00edmou spolupr\u00e1ci p\u0159i za\u010dlen\u011bn\u00ed d\u011bt\u00ed se specifick\u00fdmi pot\u0159ebami u\u010den\u00ed &hellip;<\/p>\n<p class=\"read-more\"> <a class=\"\" href=\"https:\/\/bluebridge.care\/en\/services\/shadowing\/\"> <span class=\"screen-reader-text\">Shadowing<\/span> Read More &raquo;<\/a><\/p>","protected":false},"author":1,"featured_media":0,"parent":1711,"menu_order":0,"comment_status":"closed","ping_status":"closed","template":"","meta":{"site-sidebar-layout":"no-sidebar","site-content-layout":"page-builder","ast-site-content-layout":"full-width-container","site-content-style":"default","site-sidebar-style":"default","ast-global-header-display":"","ast-banner-title-visibility":"","ast-main-header-display":"","ast-hfb-above-header-display":"","ast-hfb-below-header-display":"","ast-hfb-mobile-header-display":"","site-post-title":"disabled","ast-breadcrumbs-content":"","ast-featured-img":"disabled","footer-sml-layout":"","theme-transparent-header-meta":"","adv-header-id-meta":"","stick-header-meta":"","header-above-stick-meta":"","header-main-stick-meta":"","header-below-stick-meta":"","astra-migrate-meta-layouts":"set","footnotes":""},"class_list":["post-1922","page","type-page","status-publish","hentry"],"aioseo_notices":[],"_links":{"self":[{"href":"https:\/\/bluebridge.care\/en\/wp-json\/wp\/v2\/pages\/1922","targetHints":{"allow":["GET"]}}],"collection":[{"href":"https:\/\/bluebridge.care\/en\/wp-json\/wp\/v2\/pages"}],"about":[{"href":"https:\/\/bluebridge.care\/en\/wp-json\/wp\/v2\/types\/page"}],"author":[{"embeddable":true,"href":"https:\/\/bluebridge.care\/en\/wp-json\/wp\/v2\/users\/1"}],"replies":[{"embeddable":true,"href":"https:\/\/bluebridge.care\/en\/wp-json\/wp\/v2\/comments?post=1922"}],"version-history":[{"count":50,"href":"https:\/\/bluebridge.care\/en\/wp-json\/wp\/v2\/pages\/1922\/revisions"}],"predecessor-version":[{"id":2774,"href":"https:\/\/bluebridge.care\/en\/wp-json\/wp\/v2\/pages\/1922\/revisions\/2774"}],"up":[{"embeddable":true,"href":"https:\/\/bluebridge.care\/en\/wp-json\/wp\/v2\/pages\/1711"}],"wp:attachment":[{"href":"https:\/\/bluebridge.care\/en\/wp-json\/wp\/v2\/media?parent=1922"}],"curies":[{"name":"wp","href":"https:\/\/api.w.org\/{rel}","templated":true}]}}