{"id":1858,"date":"2023-04-27T06:35:54","date_gmt":"2023-04-27T06:35:54","guid":{"rendered":"https:\/\/bluebridge.care\/?page_id=1858"},"modified":"2025-05-05T09:53:15","modified_gmt":"2025-05-05T07:53:15","slug":"individual","status":"publish","type":"page","link":"https:\/\/bluebridge.care\/en\/services\/individual\/","title":{"rendered":"Individual"},"content":{"rendered":"<div data-elementor-type=\"wp-page\" data-elementor-id=\"1858\" class=\"elementor elementor-1858\">\n\t\t\t\t\t\t<section class=\"elementor-section elementor-top-section elementor-element elementor-element-5eda46a elementor-section-height-min-height elementor-section-boxed elementor-section-height-default elementor-section-items-middle\" data-id=\"5eda46a\" data-element_type=\"section\" data-settings=\"{&quot;background_background&quot;:&quot;classic&quot;}\">\n\t\t\t\t\t\t<div class=\"elementor-container elementor-column-gap-default\">\n\t\t\t\t\t<div class=\"elementor-column elementor-col-100 elementor-top-column elementor-element elementor-element-81bbeb6\" data-id=\"81bbeb6\" data-element_type=\"column\">\n\t\t\t<div class=\"elementor-widget-wrap elementor-element-populated\">\n\t\t\t\t\t\t<div class=\"elementor-element elementor-element-9018da9 elementor-widget elementor-widget-heading\" data-id=\"9018da9\" data-element_type=\"widget\" data-widget_type=\"heading.default\">\n\t\t\t\t<div class=\"elementor-widget-container\">\n\t\t\t\t\t<h1 class=\"elementor-heading-title elementor-size-default\">Early Interventions<\/h1>\t\t\t\t<\/div>\n\t\t\t\t<\/div>\n\t\t\t\t\t<\/div>\n\t\t<\/div>\n\t\t\t\t\t<\/div>\n\t\t<\/section>\n\t\t\t\t<section class=\"elementor-section elementor-top-section elementor-element elementor-element-882aa83 elementor-section-boxed elementor-section-height-default elementor-section-height-default\" data-id=\"882aa83\" data-element_type=\"section\">\n\t\t\t\t\t\t<div class=\"elementor-container elementor-column-gap-default\">\n\t\t\t\t\t<div class=\"elementor-column elementor-col-100 elementor-top-column elementor-element elementor-element-f9659cc\" data-id=\"f9659cc\" data-element_type=\"column\">\n\t\t\t<div class=\"elementor-widget-wrap elementor-element-populated\">\n\t\t\t\t\t\t<div class=\"elementor-element elementor-element-2a6502d elementor-widget elementor-widget-text-editor\" data-id=\"2a6502d\" data-element_type=\"widget\" data-widget_type=\"text-editor.default\">\n\t\t\t\t<div class=\"elementor-widget-container\">\n\t\t\t\t\t\t\t\t\t<ul><li style=\"text-align: left;\"><em>Do you have concerns about your child\u2019s development?<\/em><\/li><li style=\"text-align: left;\"><em>Has your child been given a diagnosis and you\u2019re not sure what to do next?<\/em><\/li><li style=\"text-align: left;\"><em>Is your child not speaking, do you feel they don\u2019t understand you, and do they often show aggressive behavior?<\/em><\/li><li style=\"text-align: left;\"><em>Is your child not making sufficient progress in their current therapies?<\/em><\/li><\/ul><p style=\"text-align: left;\">We can help you address not only these questions. During individual interventions, we focus primarily on areas of early learning. Intensive and systematic work on developing functional communication, regulating challenging behaviors, and establishing motivation and willingness to cooperate forms the fundamental pillars of further progress in early learning.\nThere is no need to wait for a diagnosis! If you have any concerns about your child\u2019s development, act immediately. With timely and intensive support in areas of difficulty, it is possible to catch up or significantly reduce manifestations associated with uneven development and to maximize the child\u2019s potential so they can succeed in their further education.<\/p>\t\t\t\t\t\t\t\t<\/div>\n\t\t\t\t<\/div>\n\t\t\t\t<div class=\"elementor-element elementor-element-aaaa5ce elementor-widget-divider--view-line elementor-widget elementor-widget-divider\" data-id=\"aaaa5ce\" data-element_type=\"widget\" data-widget_type=\"divider.default\">\n\t\t\t\t<div class=\"elementor-widget-container\">\n\t\t\t\t\t\t\t<div class=\"elementor-divider\">\n\t\t\t<span class=\"elementor-divider-separator\">\n\t\t\t\t\t\t<\/span>\n\t\t<\/div>\n\t\t\t\t\t\t<\/div>\n\t\t\t\t<\/div>\n\t\t\t\t\t<\/div>\n\t\t<\/div>\n\t\t\t\t\t<\/div>\n\t\t<\/section>\n\t\t\t\t<section class=\"elementor-section elementor-top-section elementor-element elementor-element-496987f elementor-section-boxed elementor-section-height-default elementor-section-height-default\" data-id=\"496987f\" data-element_type=\"section\">\n\t\t\t\t\t\t<div class=\"elementor-container elementor-column-gap-default\">\n\t\t\t\t\t<div class=\"elementor-column elementor-col-50 elementor-top-column elementor-element elementor-element-4b79ea7\" data-id=\"4b79ea7\" data-element_type=\"column\">\n\t\t\t<div class=\"elementor-widget-wrap elementor-element-populated\">\n\t\t\t\t\t\t<div class=\"elementor-element elementor-element-dfb13ae elementor-widget elementor-widget-heading\" data-id=\"dfb13ae\" data-element_type=\"widget\" data-widget_type=\"heading.default\">\n\t\t\t\t<div class=\"elementor-widget-container\">\n\t\t\t\t\t<h2 class=\"elementor-heading-title elementor-size-default\">The Importance of Early Intervention<\/h2>\t\t\t\t<\/div>\n\t\t\t\t<\/div>\n\t\t\t\t<div class=\"elementor-element elementor-element-f15ea3d elementor-widget elementor-widget-text-editor\" data-id=\"f15ea3d\" data-element_type=\"widget\" data-widget_type=\"text-editor.default\">\n\t\t\t\t<div class=\"elementor-widget-container\">\n\t\t\t\t\t\t\t\t\t<p>We may not forget young children learn through play. It doesn't necessarily mean we will play with cars or dolls the entire session.  We use play as a fundamental motivator, reinforcer, and driving force of the session. During the play, our goal is to apply teaching strategies and procedures sensitively, so the child can learn. This type of learning involves items and activities the child prefers, what he\/she likes the most, and what brings him\/her joy.<\/p><p>In early childhood, when the human brain is naturally at its most flexible, we focus intensively on developing functional communication (both receptive and expressive language), visual perception, imitation as a fundamental tool for learning, as well as play skills, basic social skills, and personal self-care.\n\nAn essential component of the early school years is also the development of academic skills (reading, writing, basic mathematical concepts, counting), along with the acquisition of more complex language structures and the functional use of language in a broader social context.<\/p>\t\t\t\t\t\t\t\t<\/div>\n\t\t\t\t<\/div>\n\t\t\t\t\t<\/div>\n\t\t<\/div>\n\t\t\t\t<div class=\"elementor-column elementor-col-50 elementor-top-column elementor-element elementor-element-946513a\" data-id=\"946513a\" data-element_type=\"column\">\n\t\t\t<div class=\"elementor-widget-wrap elementor-element-populated\">\n\t\t\t\t\t\t<div class=\"elementor-element elementor-element-ac9f015 elementor-widget elementor-widget-image\" data-id=\"ac9f015\" data-element_type=\"widget\" data-widget_type=\"image.default\">\n\t\t\t\t<div class=\"elementor-widget-container\">\n\t\t\t\t\t\t\t\t\t\t\t\t\t\t\t<img fetchpriority=\"high\" decoding=\"async\" width=\"800\" height=\"566\" src=\"https:\/\/bluebridge.care\/wp-content\/uploads\/2025\/05\/individ.png\" class=\"attachment-large size-large wp-image-2736\" alt=\"\" srcset=\"https:\/\/bluebridge.care\/wp-content\/uploads\/2025\/05\/individ.png 800w, https:\/\/bluebridge.care\/wp-content\/uploads\/2025\/05\/individ-300x212.png 300w, https:\/\/bluebridge.care\/wp-content\/uploads\/2025\/05\/individ-768x543.png 768w, https:\/\/bluebridge.care\/wp-content\/uploads\/2025\/05\/individ-18x12.png 18w\" sizes=\"(max-width: 800px) 100vw, 800px\" \/>\t\t\t\t\t\t\t\t\t\t\t\t\t\t\t<\/div>\n\t\t\t\t<\/div>\n\t\t\t\t\t<\/div>\n\t\t<\/div>\n\t\t\t\t\t<\/div>\n\t\t<\/section>\n\t\t\t\t<section class=\"elementor-section elementor-top-section elementor-element elementor-element-1dbdc42 elementor-section-boxed elementor-section-height-default elementor-section-height-default\" data-id=\"1dbdc42\" data-element_type=\"section\">\n\t\t\t\t\t\t<div class=\"elementor-container elementor-column-gap-default\">\n\t\t\t\t\t<div class=\"elementor-column elementor-col-100 elementor-top-column elementor-element elementor-element-af4ab62\" data-id=\"af4ab62\" data-element_type=\"column\">\n\t\t\t<div class=\"elementor-widget-wrap elementor-element-populated\">\n\t\t\t\t\t\t<div class=\"elementor-element elementor-element-1be94e3 elementor-widget-divider--view-line elementor-widget elementor-widget-divider\" data-id=\"1be94e3\" data-element_type=\"widget\" data-widget_type=\"divider.default\">\n\t\t\t\t<div class=\"elementor-widget-container\">\n\t\t\t\t\t\t\t<div class=\"elementor-divider\">\n\t\t\t<span class=\"elementor-divider-separator\">\n\t\t\t\t\t\t<\/span>\n\t\t<\/div>\n\t\t\t\t\t\t<\/div>\n\t\t\t\t<\/div>\n\t\t\t\t\t<\/div>\n\t\t<\/div>\n\t\t\t\t\t<\/div>\n\t\t<\/section>\n\t\t\t\t<section class=\"elementor-section elementor-top-section elementor-element elementor-element-8bdbb7f elementor-section-boxed elementor-section-height-default elementor-section-height-default\" data-id=\"8bdbb7f\" data-element_type=\"section\">\n\t\t\t\t\t\t<div class=\"elementor-container elementor-column-gap-wide\">\n\t\t\t\t\t<div class=\"elementor-column elementor-col-33 elementor-top-column elementor-element elementor-element-3576176\" data-id=\"3576176\" data-element_type=\"column\">\n\t\t\t<div class=\"elementor-widget-wrap elementor-element-populated\">\n\t\t\t\t\t\t<div class=\"elementor-element elementor-element-e864d96 elementor-widget elementor-widget-image\" data-id=\"e864d96\" data-element_type=\"widget\" data-widget_type=\"image.default\">\n\t\t\t\t<div class=\"elementor-widget-container\">\n\t\t\t\t\t\t\t\t\t\t\t\t\t\t\t<img decoding=\"async\" width=\"2000\" height=\"1414\" src=\"https:\/\/bluebridge.care\/wp-content\/uploads\/2025\/01\/1_b.png\" class=\"attachment-full size-full wp-image-1834\" alt=\"\" srcset=\"https:\/\/bluebridge.care\/wp-content\/uploads\/2025\/01\/1_b.png 2000w, https:\/\/bluebridge.care\/wp-content\/uploads\/2025\/01\/1_b-300x212.png 300w, https:\/\/bluebridge.care\/wp-content\/uploads\/2025\/01\/1_b-1024x724.png 1024w, https:\/\/bluebridge.care\/wp-content\/uploads\/2025\/01\/1_b-768x543.png 768w, https:\/\/bluebridge.care\/wp-content\/uploads\/2025\/01\/1_b-1536x1086.png 1536w, https:\/\/bluebridge.care\/wp-content\/uploads\/2025\/01\/1_b-18x12.png 18w\" sizes=\"(max-width: 2000px) 100vw, 2000px\" \/>\t\t\t\t\t\t\t\t\t\t\t\t\t\t\t<\/div>\n\t\t\t\t<\/div>\n\t\t\t\t<div class=\"elementor-element elementor-element-e849248 elementor-widget elementor-widget-heading\" data-id=\"e849248\" data-element_type=\"widget\" data-widget_type=\"heading.default\">\n\t\t\t\t<div class=\"elementor-widget-container\">\n\t\t\t\t\t<h4 class=\"elementor-heading-title elementor-size-default\">Early Interventions<\/h4>\t\t\t\t<\/div>\n\t\t\t\t<\/div>\n\t\t\t\t<div class=\"elementor-element elementor-element-f4f9ade elementor-widget elementor-widget-text-editor\" data-id=\"f4f9ade\" data-element_type=\"widget\" data-widget_type=\"text-editor.default\">\n\t\t\t\t<div class=\"elementor-widget-container\">\n\t\t\t\t\t\t\t\t\t<p>Intensive and systematic work to develop functional communication, regulation of negative behavior and motivation to cooperation.<\/p>\t\t\t\t\t\t\t\t<\/div>\n\t\t\t\t<\/div>\n\t\t\t\t<div class=\"elementor-element elementor-element-6704b0f elementor-align-center elementor-widget elementor-widget-button\" data-id=\"6704b0f\" data-element_type=\"widget\" data-widget_type=\"button.default\">\n\t\t\t\t<div class=\"elementor-widget-container\">\n\t\t\t\t\t\t\t\t\t<div class=\"elementor-button-wrapper\">\n\t\t\t\t\t<a class=\"elementor-button elementor-button-link elementor-size-sm\" href=\"https:\/\/bluebridge.care\/en\/individual\/\">\n\t\t\t\t\t\t<span class=\"elementor-button-content-wrapper\">\n\t\t\t\t\t\t\t\t\t<span class=\"elementor-button-text\">more<\/span>\n\t\t\t\t\t<\/span>\n\t\t\t\t\t<\/a>\n\t\t\t\t<\/div>\n\t\t\t\t\t\t\t\t<\/div>\n\t\t\t\t<\/div>\n\t\t\t\t\t<\/div>\n\t\t<\/div>\n\t\t\t\t<div class=\"elementor-column elementor-col-33 elementor-top-column elementor-element elementor-element-3e0f9b5\" data-id=\"3e0f9b5\" data-element_type=\"column\">\n\t\t\t<div class=\"elementor-widget-wrap elementor-element-populated\">\n\t\t\t\t\t\t<div class=\"elementor-element elementor-element-86e685b elementor-widget elementor-widget-image\" data-id=\"86e685b\" data-element_type=\"widget\" data-widget_type=\"image.default\">\n\t\t\t\t<div class=\"elementor-widget-container\">\n\t\t\t\t\t\t\t\t\t\t\t\t\t\t\t<img decoding=\"async\" width=\"2000\" height=\"1414\" src=\"https:\/\/bluebridge.care\/wp-content\/uploads\/2025\/01\/2.png\" class=\"attachment-full size-full wp-image-1847\" alt=\"\" srcset=\"https:\/\/bluebridge.care\/wp-content\/uploads\/2025\/01\/2.png 2000w, https:\/\/bluebridge.care\/wp-content\/uploads\/2025\/01\/2-300x212.png 300w, https:\/\/bluebridge.care\/wp-content\/uploads\/2025\/01\/2-1024x724.png 1024w, https:\/\/bluebridge.care\/wp-content\/uploads\/2025\/01\/2-768x543.png 768w, https:\/\/bluebridge.care\/wp-content\/uploads\/2025\/01\/2-1536x1086.png 1536w, https:\/\/bluebridge.care\/wp-content\/uploads\/2025\/01\/2-18x12.png 18w\" sizes=\"(max-width: 2000px) 100vw, 2000px\" \/>\t\t\t\t\t\t\t\t\t\t\t\t\t\t\t<\/div>\n\t\t\t\t<\/div>\n\t\t\t\t<div class=\"elementor-element elementor-element-02c7f37 elementor-widget elementor-widget-heading\" data-id=\"02c7f37\" data-element_type=\"widget\" data-widget_type=\"heading.default\">\n\t\t\t\t<div class=\"elementor-widget-container\">\n\t\t\t\t\t<h4 class=\"elementor-heading-title elementor-size-default\">Support in Kindergarten<\/h4>\t\t\t\t<\/div>\n\t\t\t\t<\/div>\n\t\t\t\t<div class=\"elementor-element elementor-element-051a0f0 elementor-widget elementor-widget-text-editor\" data-id=\"051a0f0\" data-element_type=\"widget\" data-widget_type=\"text-editor.default\">\n\t\t\t\t<div class=\"elementor-widget-container\">\n\t\t\t\t\t\t\t\t\t<p>We provide direct collaboration with schools or kindergartens to support integration of children with special needs.<\/p>\t\t\t\t\t\t\t\t<\/div>\n\t\t\t\t<\/div>\n\t\t\t\t<div class=\"elementor-element elementor-element-0728920 elementor-align-center elementor-widget elementor-widget-button\" data-id=\"0728920\" data-element_type=\"widget\" data-widget_type=\"button.default\">\n\t\t\t\t<div class=\"elementor-widget-container\">\n\t\t\t\t\t\t\t\t\t<div class=\"elementor-button-wrapper\">\n\t\t\t\t\t<a class=\"elementor-button elementor-button-link elementor-size-sm\" href=\"https:\/\/bluebridge.care\/en\/shadowing\/\">\n\t\t\t\t\t\t<span class=\"elementor-button-content-wrapper\">\n\t\t\t\t\t\t\t\t\t<span class=\"elementor-button-text\">more<\/span>\n\t\t\t\t\t<\/span>\n\t\t\t\t\t<\/a>\n\t\t\t\t<\/div>\n\t\t\t\t\t\t\t\t<\/div>\n\t\t\t\t<\/div>\n\t\t\t\t\t<\/div>\n\t\t<\/div>\n\t\t\t\t<div class=\"elementor-column elementor-col-33 elementor-top-column elementor-element elementor-element-6c615ed\" data-id=\"6c615ed\" data-element_type=\"column\">\n\t\t\t<div class=\"elementor-widget-wrap elementor-element-populated\">\n\t\t\t\t\t\t<div class=\"elementor-element elementor-element-cd03a54 elementor-widget elementor-widget-image\" data-id=\"cd03a54\" data-element_type=\"widget\" data-widget_type=\"image.default\">\n\t\t\t\t<div class=\"elementor-widget-container\">\n\t\t\t\t\t\t\t\t\t\t\t\t\t\t\t<img loading=\"lazy\" decoding=\"async\" width=\"2000\" height=\"1414\" src=\"https:\/\/bluebridge.care\/wp-content\/uploads\/2025\/01\/3.png\" class=\"attachment-full size-full wp-image-1849\" alt=\"\" srcset=\"https:\/\/bluebridge.care\/wp-content\/uploads\/2025\/01\/3.png 2000w, https:\/\/bluebridge.care\/wp-content\/uploads\/2025\/01\/3-300x212.png 300w, https:\/\/bluebridge.care\/wp-content\/uploads\/2025\/01\/3-1024x724.png 1024w, https:\/\/bluebridge.care\/wp-content\/uploads\/2025\/01\/3-768x543.png 768w, https:\/\/bluebridge.care\/wp-content\/uploads\/2025\/01\/3-1536x1086.png 1536w, https:\/\/bluebridge.care\/wp-content\/uploads\/2025\/01\/3-18x12.png 18w\" sizes=\"(max-width: 2000px) 100vw, 2000px\" \/>\t\t\t\t\t\t\t\t\t\t\t\t\t\t\t<\/div>\n\t\t\t\t<\/div>\n\t\t\t\t<div class=\"elementor-element elementor-element-4cb245d elementor-widget elementor-widget-heading\" data-id=\"4cb245d\" data-element_type=\"widget\" data-widget_type=\"heading.default\">\n\t\t\t\t<div class=\"elementor-widget-container\">\n\t\t\t\t\t<h4 class=\"elementor-heading-title elementor-size-default\">Parent Consultations<\/h4>\t\t\t\t<\/div>\n\t\t\t\t<\/div>\n\t\t\t\t<div class=\"elementor-element elementor-element-18894d3 elementor-widget__width-initial elementor-widget elementor-widget-text-editor\" data-id=\"18894d3\" data-element_type=\"widget\" data-widget_type=\"text-editor.default\">\n\t\t\t\t<div class=\"elementor-widget-container\">\n\t\t\t\t\t\t\t\t\t<p>We provide consultations to families with children with special needs to solve any behavioral and educational problems or stressful situations.<\/p>\t\t\t\t\t\t\t\t<\/div>\n\t\t\t\t<\/div>\n\t\t\t\t<div class=\"elementor-element elementor-element-61d7f46 elementor-align-center elementor-widget elementor-widget-button\" data-id=\"61d7f46\" data-element_type=\"widget\" data-widget_type=\"button.default\">\n\t\t\t\t<div class=\"elementor-widget-container\">\n\t\t\t\t\t\t\t\t\t<div class=\"elementor-button-wrapper\">\n\t\t\t\t\t<a class=\"elementor-button elementor-button-link elementor-size-sm\" href=\"https:\/\/bluebridge.care\/en\/consulting\/\">\n\t\t\t\t\t\t<span class=\"elementor-button-content-wrapper\">\n\t\t\t\t\t\t\t\t\t<span class=\"elementor-button-text\">more<\/span>\n\t\t\t\t\t<\/span>\n\t\t\t\t\t<\/a>\n\t\t\t\t<\/div>\n\t\t\t\t\t\t\t\t<\/div>\n\t\t\t\t<\/div>\n\t\t\t\t\t<\/div>\n\t\t<\/div>\n\t\t\t\t\t<\/div>\n\t\t<\/section>\n\t\t\t\t<section class=\"elementor-section elementor-top-section elementor-element elementor-element-269494ab elementor-section-content-middle elementor-section-boxed elementor-section-height-default elementor-section-height-default\" data-id=\"269494ab\" data-element_type=\"section\" data-settings=\"{&quot;background_background&quot;:&quot;classic&quot;}\">\n\t\t\t\t\t\t<div class=\"elementor-container elementor-column-gap-default\">\n\t\t\t\t\t<div class=\"elementor-column elementor-col-50 elementor-top-column elementor-element elementor-element-1ad2e188\" data-id=\"1ad2e188\" data-element_type=\"column\">\n\t\t\t<div class=\"elementor-widget-wrap elementor-element-populated\">\n\t\t\t\t\t\t<div class=\"elementor-element elementor-element-326f42f4 elementor-widget__width-initial elementor-widget elementor-widget-text-editor\" data-id=\"326f42f4\" data-element_type=\"widget\" data-widget_type=\"text-editor.default\">\n\t\t\t\t<div class=\"elementor-widget-container\">\n\t\t\t\t\t\t\t\t\t<p>More about BlueBridge<\/p>\t\t\t\t\t\t\t\t<\/div>\n\t\t\t\t<\/div>\n\t\t\t\t<div class=\"elementor-element elementor-element-7d8ca3de elementor-align-center elementor-widget elementor-widget-button\" data-id=\"7d8ca3de\" data-element_type=\"widget\" data-widget_type=\"button.default\">\n\t\t\t\t<div class=\"elementor-widget-container\">\n\t\t\t\t\t\t\t\t\t<div class=\"elementor-button-wrapper\">\n\t\t\t\t\t<a class=\"elementor-button elementor-button-link elementor-size-sm\" href=\"https:\/\/bluebridge.care\/en\/about\/\">\n\t\t\t\t\t\t<span class=\"elementor-button-content-wrapper\">\n\t\t\t\t\t\t\t\t\t<span class=\"elementor-button-text\">ABOUT US<\/span>\n\t\t\t\t\t<\/span>\n\t\t\t\t\t<\/a>\n\t\t\t\t<\/div>\n\t\t\t\t\t\t\t\t<\/div>\n\t\t\t\t<\/div>\n\t\t\t\t\t<\/div>\n\t\t<\/div>\n\t\t\t\t<div class=\"elementor-column elementor-col-50 elementor-top-column elementor-element elementor-element-567f189\" data-id=\"567f189\" data-element_type=\"column\">\n\t\t\t<div class=\"elementor-widget-wrap elementor-element-populated\">\n\t\t\t\t\t\t<div class=\"elementor-element elementor-element-31b2ebc elementor-widget__width-initial elementor-widget elementor-widget-text-editor\" data-id=\"31b2ebc\" data-element_type=\"widget\" data-widget_type=\"text-editor.default\">\n\t\t\t\t<div class=\"elementor-widget-container\">\n\t\t\t\t\t\t\t\t\t<p>Do not hesitate to contact us<\/p>\t\t\t\t\t\t\t\t<\/div>\n\t\t\t\t<\/div>\n\t\t\t\t<div class=\"elementor-element elementor-element-8f6659d elementor-align-center elementor-widget elementor-widget-button\" data-id=\"8f6659d\" data-element_type=\"widget\" data-widget_type=\"button.default\">\n\t\t\t\t<div class=\"elementor-widget-container\">\n\t\t\t\t\t\t\t\t\t<div class=\"elementor-button-wrapper\">\n\t\t\t\t\t<a class=\"elementor-button elementor-button-link elementor-size-sm\" href=\"https:\/\/bluebridge.care\/en\/contact\/\">\n\t\t\t\t\t\t<span class=\"elementor-button-content-wrapper\">\n\t\t\t\t\t\t\t\t\t<span class=\"elementor-button-text\">Contact<\/span>\n\t\t\t\t\t<\/span>\n\t\t\t\t\t<\/a>\n\t\t\t\t<\/div>\n\t\t\t\t\t\t\t\t<\/div>\n\t\t\t\t<\/div>\n\t\t\t\t\t<\/div>\n\t\t<\/div>\n\t\t\t\t\t<\/div>\n\t\t<\/section>\n\t\t\t\t<\/div>","protected":false},"excerpt":{"rendered":"<p>Intenzivn\u00ed ran\u00e1 intervence M\u00e1te pochybnosti ve v\u00fdvoji Va\u0161eho d\u00edt\u011bte? Va\u0161emu d\u00edt\u011bti byla stanovena diagn\u00f3za a nev\u00edte, jak d\u00e1l? Nemluv\u00ed, m\u00e1te pocit, \u017ee v\u00e1m nerozum\u00ed, \u010dasto se vztek\u00e1 a je agresivn\u00ed? Ve st\u00e1vaj\u00edc\u00edch terapi\u00edch se d\u00edt\u011b dostate\u010dn\u011b neposouv\u00e1? Nejen tyto ot\u00e1zky V\u00e1m pom\u016f\u017eeme vy\u0159e\u0161it. B\u011bhem individu\u00e1ln\u00edch intervenc\u00ed se soust\u0159ed\u00edme p\u0159edev\u0161\u00edm na oblasti ran\u00e9ho u\u010den\u00ed. Intenzivn\u00ed a &hellip;<\/p>\n<p class=\"read-more\"> <a class=\"\" href=\"https:\/\/bluebridge.care\/en\/services\/individual\/\"> <span class=\"screen-reader-text\">Individual<\/span> Read More &raquo;<\/a><\/p>","protected":false},"author":1,"featured_media":0,"parent":1711,"menu_order":0,"comment_status":"closed","ping_status":"closed","template":"","meta":{"site-sidebar-layout":"no-sidebar","site-content-layout":"page-builder","ast-site-content-layout":"full-width-container","site-content-style":"unboxed","site-sidebar-style":"unboxed","ast-global-header-display":"","ast-banner-title-visibility":"","ast-main-header-display":"","ast-hfb-above-header-display":"","ast-hfb-below-header-display":"","ast-hfb-mobile-header-display":"","site-post-title":"disabled","ast-breadcrumbs-content":"","ast-featured-img":"disabled","footer-sml-layout":"","theme-transparent-header-meta":"","adv-header-id-meta":"","stick-header-meta":"","header-above-stick-meta":"","header-main-stick-meta":"","header-below-stick-meta":"","astra-migrate-meta-layouts":"set","footnotes":""},"class_list":["post-1858","page","type-page","status-publish","hentry"],"aioseo_notices":[],"_links":{"self":[{"href":"https:\/\/bluebridge.care\/en\/wp-json\/wp\/v2\/pages\/1858","targetHints":{"allow":["GET"]}}],"collection":[{"href":"https:\/\/bluebridge.care\/en\/wp-json\/wp\/v2\/pages"}],"about":[{"href":"https:\/\/bluebridge.care\/en\/wp-json\/wp\/v2\/types\/page"}],"author":[{"embeddable":true,"href":"https:\/\/bluebridge.care\/en\/wp-json\/wp\/v2\/users\/1"}],"replies":[{"embeddable":true,"href":"https:\/\/bluebridge.care\/en\/wp-json\/wp\/v2\/comments?post=1858"}],"version-history":[{"count":145,"href":"https:\/\/bluebridge.care\/en\/wp-json\/wp\/v2\/pages\/1858\/revisions"}],"predecessor-version":[{"id":2771,"href":"https:\/\/bluebridge.care\/en\/wp-json\/wp\/v2\/pages\/1858\/revisions\/2771"}],"up":[{"embeddable":true,"href":"https:\/\/bluebridge.care\/en\/wp-json\/wp\/v2\/pages\/1711"}],"wp:attachment":[{"href":"https:\/\/bluebridge.care\/en\/wp-json\/wp\/v2\/media?parent=1858"}],"curies":[{"name":"wp","href":"https:\/\/api.w.org\/{rel}","templated":true}]}}