{"id":1711,"date":"2021-11-21T15:14:41","date_gmt":"2021-11-21T15:14:41","guid":{"rendered":"https:\/\/bluebridge.care\/services\/"},"modified":"2025-05-05T09:55:31","modified_gmt":"2025-05-05T07:55:31","slug":"services","status":"publish","type":"page","link":"https:\/\/bluebridge.care\/en\/services\/","title":{"rendered":"Services"},"content":{"rendered":"<div data-elementor-type=\"wp-page\" data-elementor-id=\"1711\" class=\"elementor elementor-1711\">\n\t\t\t\t\t\t<section class=\"elementor-section elementor-top-section elementor-element elementor-element-6f57d69 elementor-section-height-min-height elementor-section-boxed elementor-section-height-default elementor-section-items-middle\" data-id=\"6f57d69\" data-element_type=\"section\" data-settings=\"{&quot;background_background&quot;:&quot;classic&quot;}\">\n\t\t\t\t\t\t<div class=\"elementor-container elementor-column-gap-default\">\n\t\t\t\t\t<div class=\"elementor-column elementor-col-100 elementor-top-column elementor-element elementor-element-47228c7\" data-id=\"47228c7\" data-element_type=\"column\">\n\t\t\t<div class=\"elementor-widget-wrap elementor-element-populated\">\n\t\t\t\t\t\t<div class=\"elementor-element elementor-element-c168d2f elementor-widget elementor-widget-heading\" data-id=\"c168d2f\" data-element_type=\"widget\" data-widget_type=\"heading.default\">\n\t\t\t\t<div class=\"elementor-widget-container\">\n\t\t\t\t\t<h1 class=\"elementor-heading-title elementor-size-default\">services<\/h1>\t\t\t\t<\/div>\n\t\t\t\t<\/div>\n\t\t\t\t\t<\/div>\n\t\t<\/div>\n\t\t\t\t\t<\/div>\n\t\t<\/section>\n\t\t\t\t<section class=\"elementor-section elementor-top-section elementor-element elementor-element-313a1ba elementor-reverse-mobile elementor-section-boxed elementor-section-height-default elementor-section-height-default\" data-id=\"313a1ba\" data-element_type=\"section\">\n\t\t\t\t\t\t<div class=\"elementor-container elementor-column-gap-default\">\n\t\t\t\t\t<div class=\"elementor-column elementor-col-50 elementor-top-column elementor-element elementor-element-ddff12f\" data-id=\"ddff12f\" data-element_type=\"column\">\n\t\t\t<div class=\"elementor-widget-wrap elementor-element-populated\">\n\t\t\t\t\t\t<div class=\"elementor-element elementor-element-4f3b33b elementor-widget elementor-widget-heading\" data-id=\"4f3b33b\" data-element_type=\"widget\" data-widget_type=\"heading.default\">\n\t\t\t\t<div class=\"elementor-widget-container\">\n\t\t\t\t\t<h3 class=\"elementor-heading-title elementor-size-default\">Early Interventions<\/h3>\t\t\t\t<\/div>\n\t\t\t\t<\/div>\n\t\t\t\t<div class=\"elementor-element elementor-element-bbd6665 elementor-widget elementor-widget-text-editor\" data-id=\"bbd6665\" data-element_type=\"widget\" data-widget_type=\"text-editor.default\">\n\t\t\t\t<div class=\"elementor-widget-container\">\n\t\t\t\t\t\t\t\t\t<p>We focus on:<\/p><ul><li>Functional communication<\/li><li>Visual perception<\/li><li>Imitation skills<\/li><li>Fine and gross motor skills<\/li><li>Play and social skills<\/li><li>Basic self-care tasks<\/li><li>Academics<ul><li>and more<\/li><\/ul><\/li><\/ul><p>The structure of our interventions reflects the learning system based on developmental milestones - VB-Mapp. Using this tool, we are able to track and measure the child's progress continuously. This tool also provides parents with a clear understanding of the child's actual level within this system and the direction or goals we would like to reach.<\/p>\t\t\t\t\t\t\t\t<\/div>\n\t\t\t\t<\/div>\n\t\t\t\t<div class=\"elementor-element elementor-element-dec2e00 elementor-widget elementor-widget-button\" data-id=\"dec2e00\" data-element_type=\"widget\" data-widget_type=\"button.default\">\n\t\t\t\t<div class=\"elementor-widget-container\">\n\t\t\t\t\t\t\t\t\t<div class=\"elementor-button-wrapper\">\n\t\t\t\t\t<a class=\"elementor-button elementor-button-link elementor-size-sm\" href=\"https:\/\/bluebridge.care\/en\/individual\/\">\n\t\t\t\t\t\t<span class=\"elementor-button-content-wrapper\">\n\t\t\t\t\t\t\t\t\t<span class=\"elementor-button-text\">more<\/span>\n\t\t\t\t\t<\/span>\n\t\t\t\t\t<\/a>\n\t\t\t\t<\/div>\n\t\t\t\t\t\t\t\t<\/div>\n\t\t\t\t<\/div>\n\t\t\t\t\t<\/div>\n\t\t<\/div>\n\t\t\t\t<div class=\"elementor-column elementor-col-50 elementor-top-column elementor-element elementor-element-ef420e9\" data-id=\"ef420e9\" data-element_type=\"column\">\n\t\t\t<div class=\"elementor-widget-wrap elementor-element-populated\">\n\t\t\t\t\t\t<div class=\"elementor-element elementor-element-4a6a352 elementor-widget elementor-widget-image\" data-id=\"4a6a352\" data-element_type=\"widget\" data-widget_type=\"image.default\">\n\t\t\t\t<div class=\"elementor-widget-container\">\n\t\t\t\t\t\t\t\t\t\t\t\t\t\t\t<img fetchpriority=\"high\" decoding=\"async\" width=\"1024\" height=\"724\" src=\"https:\/\/bluebridge.care\/wp-content\/uploads\/2025\/01\/1_b-1024x724.png\" class=\"attachment-large size-large wp-image-1834\" alt=\"\" srcset=\"https:\/\/bluebridge.care\/wp-content\/uploads\/2025\/01\/1_b-1024x724.png 1024w, https:\/\/bluebridge.care\/wp-content\/uploads\/2025\/01\/1_b-300x212.png 300w, https:\/\/bluebridge.care\/wp-content\/uploads\/2025\/01\/1_b-768x543.png 768w, https:\/\/bluebridge.care\/wp-content\/uploads\/2025\/01\/1_b-1536x1086.png 1536w, https:\/\/bluebridge.care\/wp-content\/uploads\/2025\/01\/1_b-18x12.png 18w, https:\/\/bluebridge.care\/wp-content\/uploads\/2025\/01\/1_b.png 2000w\" sizes=\"(max-width: 1024px) 100vw, 1024px\" \/>\t\t\t\t\t\t\t\t\t\t\t\t\t\t\t<\/div>\n\t\t\t\t<\/div>\n\t\t\t\t\t<\/div>\n\t\t<\/div>\n\t\t\t\t\t<\/div>\n\t\t<\/section>\n\t\t\t\t<section class=\"elementor-section elementor-top-section elementor-element elementor-element-8157e71 elementor-section-boxed elementor-section-height-default elementor-section-height-default\" data-id=\"8157e71\" data-element_type=\"section\">\n\t\t\t\t\t\t<div class=\"elementor-container elementor-column-gap-default\">\n\t\t\t\t\t<div class=\"elementor-column elementor-col-50 elementor-top-column elementor-element elementor-element-400a51f\" data-id=\"400a51f\" data-element_type=\"column\">\n\t\t\t<div class=\"elementor-widget-wrap elementor-element-populated\">\n\t\t\t\t\t\t<div class=\"elementor-element elementor-element-8d1da40 elementor-widget elementor-widget-image\" data-id=\"8d1da40\" data-element_type=\"widget\" data-widget_type=\"image.default\">\n\t\t\t\t<div class=\"elementor-widget-container\">\n\t\t\t\t\t\t\t\t\t\t\t\t\t\t\t<img decoding=\"async\" width=\"1024\" height=\"724\" src=\"https:\/\/bluebridge.care\/wp-content\/uploads\/2025\/01\/2-1024x724.png\" class=\"attachment-large size-large wp-image-1847\" alt=\"\" srcset=\"https:\/\/bluebridge.care\/wp-content\/uploads\/2025\/01\/2-1024x724.png 1024w, https:\/\/bluebridge.care\/wp-content\/uploads\/2025\/01\/2-300x212.png 300w, https:\/\/bluebridge.care\/wp-content\/uploads\/2025\/01\/2-768x543.png 768w, https:\/\/bluebridge.care\/wp-content\/uploads\/2025\/01\/2-1536x1086.png 1536w, https:\/\/bluebridge.care\/wp-content\/uploads\/2025\/01\/2-18x12.png 18w, https:\/\/bluebridge.care\/wp-content\/uploads\/2025\/01\/2.png 2000w\" sizes=\"(max-width: 1024px) 100vw, 1024px\" \/>\t\t\t\t\t\t\t\t\t\t\t\t\t\t\t<\/div>\n\t\t\t\t<\/div>\n\t\t\t\t\t<\/div>\n\t\t<\/div>\n\t\t\t\t<div class=\"elementor-column elementor-col-50 elementor-top-column elementor-element elementor-element-cc5adf3\" data-id=\"cc5adf3\" data-element_type=\"column\">\n\t\t\t<div class=\"elementor-widget-wrap elementor-element-populated\">\n\t\t\t\t\t\t<div class=\"elementor-element elementor-element-925831b elementor-widget elementor-widget-heading\" data-id=\"925831b\" data-element_type=\"widget\" data-widget_type=\"heading.default\">\n\t\t\t\t<div class=\"elementor-widget-container\">\n\t\t\t\t\t<h3 class=\"elementor-heading-title elementor-size-default\">Support in Kindergarten<\/h3>\t\t\t\t<\/div>\n\t\t\t\t<\/div>\n\t\t\t\t<div class=\"elementor-element elementor-element-77be2a5 elementor-widget elementor-widget-text-editor\" data-id=\"77be2a5\" data-element_type=\"widget\" data-widget_type=\"text-editor.default\">\n\t\t\t\t<div class=\"elementor-widget-container\">\n\t\t\t\t\t\t\t\t\t<p>We offer systematic support to other educational services or companies, because we believe that sensitive inclusion opens doors to mutual kindness, support, and respect.<\/p>\t\t\t\t\t\t\t\t<\/div>\n\t\t\t\t<\/div>\n\t\t\t\t<div class=\"elementor-element elementor-element-cf95685 elementor-widget elementor-widget-button\" data-id=\"cf95685\" data-element_type=\"widget\" data-widget_type=\"button.default\">\n\t\t\t\t<div class=\"elementor-widget-container\">\n\t\t\t\t\t\t\t\t\t<div class=\"elementor-button-wrapper\">\n\t\t\t\t\t<a class=\"elementor-button elementor-button-link elementor-size-sm\" href=\"https:\/\/bluebridge.care\/en\/shadowing\/\">\n\t\t\t\t\t\t<span class=\"elementor-button-content-wrapper\">\n\t\t\t\t\t\t\t\t\t<span class=\"elementor-button-text\">more<\/span>\n\t\t\t\t\t<\/span>\n\t\t\t\t\t<\/a>\n\t\t\t\t<\/div>\n\t\t\t\t\t\t\t\t<\/div>\n\t\t\t\t<\/div>\n\t\t\t\t\t<\/div>\n\t\t<\/div>\n\t\t\t\t\t<\/div>\n\t\t<\/section>\n\t\t\t\t<section class=\"elementor-section elementor-top-section elementor-element elementor-element-a8f7aed elementor-reverse-mobile elementor-section-boxed elementor-section-height-default elementor-section-height-default\" data-id=\"a8f7aed\" data-element_type=\"section\">\n\t\t\t\t\t\t<div class=\"elementor-container elementor-column-gap-default\">\n\t\t\t\t\t<div class=\"elementor-column elementor-col-50 elementor-top-column elementor-element elementor-element-f1f2bc2\" data-id=\"f1f2bc2\" data-element_type=\"column\">\n\t\t\t<div class=\"elementor-widget-wrap elementor-element-populated\">\n\t\t\t\t\t\t<div class=\"elementor-element elementor-element-34a10af elementor-widget elementor-widget-heading\" data-id=\"34a10af\" data-element_type=\"widget\" data-widget_type=\"heading.default\">\n\t\t\t\t<div class=\"elementor-widget-container\">\n\t\t\t\t\t<h3 class=\"elementor-heading-title elementor-size-default\">Parent Consultations<\/h3>\t\t\t\t<\/div>\n\t\t\t\t<\/div>\n\t\t\t\t<div class=\"elementor-element elementor-element-dc0f3cb elementor-widget elementor-widget-text-editor\" data-id=\"dc0f3cb\" data-element_type=\"widget\" data-widget_type=\"text-editor.default\">\n\t\t\t\t<div class=\"elementor-widget-container\">\n\t\t\t\t\t\t\t\t\t<p>We provide guidance to families with children with learning differences to solve any behavioral, educational problems or challenging situations.<\/p>\t\t\t\t\t\t\t\t<\/div>\n\t\t\t\t<\/div>\n\t\t\t\t<div class=\"elementor-element elementor-element-efe5400 elementor-widget elementor-widget-button\" data-id=\"efe5400\" data-element_type=\"widget\" data-widget_type=\"button.default\">\n\t\t\t\t<div class=\"elementor-widget-container\">\n\t\t\t\t\t\t\t\t\t<div class=\"elementor-button-wrapper\">\n\t\t\t\t\t<a class=\"elementor-button elementor-button-link elementor-size-sm\" href=\"https:\/\/bluebridge.care\/en\/consulting\/\">\n\t\t\t\t\t\t<span class=\"elementor-button-content-wrapper\">\n\t\t\t\t\t\t\t\t\t<span class=\"elementor-button-text\">more<\/span>\n\t\t\t\t\t<\/span>\n\t\t\t\t\t<\/a>\n\t\t\t\t<\/div>\n\t\t\t\t\t\t\t\t<\/div>\n\t\t\t\t<\/div>\n\t\t\t\t\t<\/div>\n\t\t<\/div>\n\t\t\t\t<div class=\"elementor-column elementor-col-50 elementor-top-column elementor-element elementor-element-02bda06\" data-id=\"02bda06\" data-element_type=\"column\">\n\t\t\t<div class=\"elementor-widget-wrap elementor-element-populated\">\n\t\t\t\t\t\t<div class=\"elementor-element elementor-element-087cd5c elementor-widget elementor-widget-image\" data-id=\"087cd5c\" data-element_type=\"widget\" data-widget_type=\"image.default\">\n\t\t\t\t<div class=\"elementor-widget-container\">\n\t\t\t\t\t\t\t\t\t\t\t\t\t\t\t<img decoding=\"async\" width=\"1024\" height=\"724\" src=\"https:\/\/bluebridge.care\/wp-content\/uploads\/2025\/01\/3-1024x724.png\" class=\"attachment-large size-large wp-image-1849\" alt=\"\" srcset=\"https:\/\/bluebridge.care\/wp-content\/uploads\/2025\/01\/3-1024x724.png 1024w, https:\/\/bluebridge.care\/wp-content\/uploads\/2025\/01\/3-300x212.png 300w, https:\/\/bluebridge.care\/wp-content\/uploads\/2025\/01\/3-768x543.png 768w, https:\/\/bluebridge.care\/wp-content\/uploads\/2025\/01\/3-1536x1086.png 1536w, https:\/\/bluebridge.care\/wp-content\/uploads\/2025\/01\/3-18x12.png 18w, https:\/\/bluebridge.care\/wp-content\/uploads\/2025\/01\/3.png 2000w\" sizes=\"(max-width: 1024px) 100vw, 1024px\" \/>\t\t\t\t\t\t\t\t\t\t\t\t\t\t\t<\/div>\n\t\t\t\t<\/div>\n\t\t\t\t\t<\/div>\n\t\t<\/div>\n\t\t\t\t\t<\/div>\n\t\t<\/section>\n\t\t\t\t<section class=\"elementor-section elementor-top-section elementor-element elementor-element-1fc5ab2 elementor-section-boxed elementor-section-height-default elementor-section-height-default\" data-id=\"1fc5ab2\" data-element_type=\"section\">\n\t\t\t\t\t\t<div class=\"elementor-container elementor-column-gap-default\">\n\t\t\t\t\t<div class=\"elementor-column elementor-col-100 elementor-top-column elementor-element elementor-element-97bfaec\" data-id=\"97bfaec\" data-element_type=\"column\">\n\t\t\t<div class=\"elementor-widget-wrap elementor-element-populated\">\n\t\t\t\t\t\t<div class=\"elementor-element elementor-element-eefb4ec elementor-widget-divider--view-line elementor-widget elementor-widget-divider\" data-id=\"eefb4ec\" data-element_type=\"widget\" data-widget_type=\"divider.default\">\n\t\t\t\t<div class=\"elementor-widget-container\">\n\t\t\t\t\t\t\t<div class=\"elementor-divider\">\n\t\t\t<span class=\"elementor-divider-separator\">\n\t\t\t\t\t\t<\/span>\n\t\t<\/div>\n\t\t\t\t\t\t<\/div>\n\t\t\t\t<\/div>\n\t\t\t\t<div class=\"elementor-element elementor-element-0c66f8e elementor-widget elementor-widget-text-editor\" data-id=\"0c66f8e\" data-element_type=\"widget\" data-widget_type=\"text-editor.default\">\n\t\t\t\t<div class=\"elementor-widget-container\">\n\t\t\t\t\t\t\t\t\t<p>When starting to work with child clients, it's necessary to consider what should be the main focus of the therapy regarding the age, individual needs, interests, and preferences.  Also, we are supposed to respect the needs of the family as a unique system. For the early learners, typically up to around 6-7 years, the therapy aims at areas of early intervention. During this period we focus on increasing functional communications and decreasing challenging behaviors. As children get older and reach school age, the focus shifts more towards developing independence, allowing them to live independently within society<\/p>\t\t\t\t\t\t\t\t<\/div>\n\t\t\t\t<\/div>\n\t\t\t\t\t<\/div>\n\t\t<\/div>\n\t\t\t\t\t<\/div>\n\t\t<\/section>\n\t\t\t\t<section class=\"elementor-section elementor-top-section elementor-element elementor-element-a247301 elementor-section-boxed elementor-section-height-default elementor-section-height-default\" data-id=\"a247301\" data-element_type=\"section\">\n\t\t\t\t\t\t<div class=\"elementor-container elementor-column-gap-default\">\n\t\t\t\t\t<div class=\"elementor-column elementor-col-100 elementor-top-column elementor-element elementor-element-6f6f5af\" data-id=\"6f6f5af\" data-element_type=\"column\">\n\t\t\t<div class=\"elementor-widget-wrap elementor-element-populated\">\n\t\t\t\t\t\t<div class=\"elementor-element elementor-element-bacea0e elementor-widget-divider--view-line elementor-widget elementor-widget-divider\" data-id=\"bacea0e\" data-element_type=\"widget\" data-widget_type=\"divider.default\">\n\t\t\t\t<div class=\"elementor-widget-container\">\n\t\t\t\t\t\t\t<div class=\"elementor-divider\">\n\t\t\t<span class=\"elementor-divider-separator\">\n\t\t\t\t\t\t<\/span>\n\t\t<\/div>\n\t\t\t\t\t\t<\/div>\n\t\t\t\t<\/div>\n\t\t\t\t\t<\/div>\n\t\t<\/div>\n\t\t\t\t\t<\/div>\n\t\t<\/section>\n\t\t\t\t<section class=\"elementor-section elementor-top-section elementor-element elementor-element-d8b6af9 elementor-section-content-middle elementor-section-boxed elementor-section-height-default elementor-section-height-default\" data-id=\"d8b6af9\" data-element_type=\"section\" data-settings=\"{&quot;background_background&quot;:&quot;classic&quot;}\">\n\t\t\t\t\t\t<div class=\"elementor-container elementor-column-gap-default\">\n\t\t\t\t\t<div class=\"elementor-column elementor-col-50 elementor-top-column elementor-element elementor-element-a7d518e\" data-id=\"a7d518e\" data-element_type=\"column\">\n\t\t\t<div class=\"elementor-widget-wrap elementor-element-populated\">\n\t\t\t\t\t\t<div class=\"elementor-element elementor-element-9ae03bc elementor-widget__width-initial elementor-widget elementor-widget-text-editor\" data-id=\"9ae03bc\" data-element_type=\"widget\" data-widget_type=\"text-editor.default\">\n\t\t\t\t<div class=\"elementor-widget-container\">\n\t\t\t\t\t\t\t\t\t<p>More about BlueBridge<\/p>\t\t\t\t\t\t\t\t<\/div>\n\t\t\t\t<\/div>\n\t\t\t\t<div class=\"elementor-element elementor-element-8135177 elementor-align-center elementor-widget elementor-widget-button\" data-id=\"8135177\" data-element_type=\"widget\" data-widget_type=\"button.default\">\n\t\t\t\t<div class=\"elementor-widget-container\">\n\t\t\t\t\t\t\t\t\t<div class=\"elementor-button-wrapper\">\n\t\t\t\t\t<a class=\"elementor-button elementor-button-link elementor-size-sm\" href=\"https:\/\/bluebridge.care\/en\/about\/\">\n\t\t\t\t\t\t<span class=\"elementor-button-content-wrapper\">\n\t\t\t\t\t\t\t\t\t<span class=\"elementor-button-text\">ABOUT US<\/span>\n\t\t\t\t\t<\/span>\n\t\t\t\t\t<\/a>\n\t\t\t\t<\/div>\n\t\t\t\t\t\t\t\t<\/div>\n\t\t\t\t<\/div>\n\t\t\t\t\t<\/div>\n\t\t<\/div>\n\t\t\t\t<div class=\"elementor-column elementor-col-50 elementor-top-column elementor-element elementor-element-0f27842\" data-id=\"0f27842\" data-element_type=\"column\">\n\t\t\t<div class=\"elementor-widget-wrap elementor-element-populated\">\n\t\t\t\t\t\t<div class=\"elementor-element elementor-element-56f9fdb elementor-widget__width-initial elementor-widget elementor-widget-text-editor\" data-id=\"56f9fdb\" data-element_type=\"widget\" data-widget_type=\"text-editor.default\">\n\t\t\t\t<div class=\"elementor-widget-container\">\n\t\t\t\t\t\t\t\t\t<p>Do not hesitate to contact us<\/p>\t\t\t\t\t\t\t\t<\/div>\n\t\t\t\t<\/div>\n\t\t\t\t<div class=\"elementor-element elementor-element-3a3dbec elementor-align-center elementor-widget elementor-widget-button\" data-id=\"3a3dbec\" data-element_type=\"widget\" data-widget_type=\"button.default\">\n\t\t\t\t<div class=\"elementor-widget-container\">\n\t\t\t\t\t\t\t\t\t<div class=\"elementor-button-wrapper\">\n\t\t\t\t\t<a class=\"elementor-button elementor-button-link elementor-size-sm\" href=\"https:\/\/bluebridge.care\/en\/contact\/\">\n\t\t\t\t\t\t<span class=\"elementor-button-content-wrapper\">\n\t\t\t\t\t\t\t\t\t<span class=\"elementor-button-text\">Contact<\/span>\n\t\t\t\t\t<\/span>\n\t\t\t\t\t<\/a>\n\t\t\t\t<\/div>\n\t\t\t\t\t\t\t\t<\/div>\n\t\t\t\t<\/div>\n\t\t\t\t\t<\/div>\n\t\t<\/div>\n\t\t\t\t\t<\/div>\n\t\t<\/section>\n\t\t\t\t<\/div>","protected":false},"excerpt":{"rendered":"<p>co poskytujeme Intenzivn\u00ed ran\u00e1 intervence Zam\u011b\u0159ujeme se na: Funk\u010dn\u00ed komunikaci Vizu\u00e1ln\u00ed vn\u00edm\u00e1n\u00ed Imita\u010dn\u00ed dovednosti Jemnou a hrubou motoriku Hru a soci\u00e1ln\u00ed dovednosti Z\u00e1kladn\u00ed \u00fakony sebeobsluhy \u010cten\u00ed, Psan\u00ed a po\u010d\u00edt\u00e1n\u00ed A dal\u0161\u00ed Struktura intervenc\u00ed je d\u00e1na individu\u00e1ln\u00edm pl\u00e1nem, kter\u00fd odr\u00e1\u017e\u00ed u\u010den\u00ed podle v\u00fdvojov\u00fdch miln\u00edk\u016f. D\u00edky tomuto postupu z\u00e1rove\u0148 sledujeme a m\u011b\u0159\u00edme progres d\u00edt\u011bte. Rodi\u010d tak m\u00e1 &hellip;<\/p>\n<p class=\"read-more\"> <a class=\"\" href=\"https:\/\/bluebridge.care\/en\/services\/\"> <span class=\"screen-reader-text\">Services<\/span> Read More &raquo;<\/a><\/p>","protected":false},"author":1,"featured_media":0,"parent":0,"menu_order":0,"comment_status":"closed","ping_status":"closed","template":"","meta":{"site-sidebar-layout":"no-sidebar","site-content-layout":"page-builder","ast-site-content-layout":"","site-content-style":"default","site-sidebar-style":"default","ast-global-header-display":"","ast-banner-title-visibility":"","ast-main-header-display":"","ast-hfb-above-header-display":"","ast-hfb-below-header-display":"","ast-hfb-mobile-header-display":"","site-post-title":"disabled","ast-breadcrumbs-content":"","ast-featured-img":"disabled","footer-sml-layout":"","theme-transparent-header-meta":"enabled","adv-header-id-meta":"","stick-header-meta":"","header-above-stick-meta":"","header-main-stick-meta":"","header-below-stick-meta":"","astra-migrate-meta-layouts":"","footnotes":""},"class_list":["post-1711","page","type-page","status-publish","hentry"],"aioseo_notices":[],"_links":{"self":[{"href":"https:\/\/bluebridge.care\/en\/wp-json\/wp\/v2\/pages\/1711","targetHints":{"allow":["GET"]}}],"collection":[{"href":"https:\/\/bluebridge.care\/en\/wp-json\/wp\/v2\/pages"}],"about":[{"href":"https:\/\/bluebridge.care\/en\/wp-json\/wp\/v2\/types\/page"}],"author":[{"embeddable":true,"href":"https:\/\/bluebridge.care\/en\/wp-json\/wp\/v2\/users\/1"}],"replies":[{"embeddable":true,"href":"https:\/\/bluebridge.care\/en\/wp-json\/wp\/v2\/comments?post=1711"}],"version-history":[{"count":112,"href":"https:\/\/bluebridge.care\/en\/wp-json\/wp\/v2\/pages\/1711\/revisions"}],"predecessor-version":[{"id":2780,"href":"https:\/\/bluebridge.care\/en\/wp-json\/wp\/v2\/pages\/1711\/revisions\/2780"}],"wp:attachment":[{"href":"https:\/\/bluebridge.care\/en\/wp-json\/wp\/v2\/media?parent=1711"}],"curies":[{"name":"wp","href":"https:\/\/api.w.org\/{rel}","templated":true}]}}